{"id":5833,"date":"2024-05-17T16:11:35","date_gmt":"2024-05-17T14:11:35","guid":{"rendered":"https:\/\/fluktsekk.no\/om-oss\/"},"modified":"2024-06-07T11:20:24","modified_gmt":"2024-06-07T09:20:24","slug":"om-oss","status":"publish","type":"page","link":"https:\/\/fluktsekk.no\/sv\/om-oss\/","title":{"rendered":"Om oss"},"content":{"rendered":"\t\t<div data-elementor-type=\"wp-page\" data-elementor-id=\"5833\" class=\"elementor elementor-5833 elementor-3718\" data-elementor-post-type=\"page\">\n\t\t\t\t\t\t<section class=\"elementor-section elementor-top-section elementor-element elementor-element-5158b412 elementor-section-boxed elementor-section-height-default elementor-section-height-default\" data-id=\"5158b412\" data-element_type=\"section\" data-e-type=\"section\">\n\t\t\t\t\t\t<div class=\"elementor-container elementor-column-gap-default\">\n\t\t\t\t\t<div class=\"elementor-column elementor-col-33 elementor-top-column elementor-element elementor-element-11875c9\" data-id=\"11875c9\" data-element_type=\"column\" data-e-type=\"column\">\n\t\t\t<div class=\"elementor-widget-wrap elementor-element-populated\">\n\t\t\t\t\t\t<div class=\"elementor-element elementor-element-27d8ef86 elementor-widget elementor-widget-heading\" data-id=\"27d8ef86\" data-element_type=\"widget\" data-e-type=\"widget\" data-widget_type=\"heading.default\">\n\t\t\t\t<div class=\"elementor-widget-container\">\n\t\t\t\t\t<h2 class=\"elementor-heading-title elementor-size-default\">Om oss - Fluktsekk<\/h2>\t\t\t\t<\/div>\n\t\t\t\t<\/div>\n\t\t\t\t<div class=\"elementor-element elementor-element-6c441c0 elementor-widget elementor-widget-text-editor\" data-id=\"6c441c0\" data-element_type=\"widget\" data-e-type=\"widget\" data-widget_type=\"text-editor.default\">\n\t\t\t\t<div class=\"elementor-widget-container\">\n\t\t\t\t\t\t\t\t\t<p>Handelshage AS grundades 2020 och \u00e4r specialiserat p\u00e5 import av professionella produkter av h\u00f6g kvalitet. Vi verkar p\u00e5 den skandinaviska marknaden och s\u00e4ljer v\u00e5ra produkter via <a href=\"https:\/\/fluktsekk.no\/?lang=sv\" target=\"_new\" rel=\"noreferrer\">Fluktsekk<\/a> onlinebutik. Best\u00e4llningar behandlas dagligen med leverans fr\u00e5n Norge, fr\u00e5n v\u00e5rt f\u00f6retag som ligger 5 km fr\u00e5n Oslo. Vi erbjuder v\u00e5ra produkter i Norge, Sverige och Finland.<\/p>\n<p>V\u00e5rt uppdrag \u00e4r att leverera tillf\u00f6rlitliga och h\u00e5llbara produkter som uppfyller f\u00f6rv\u00e4ntningarna hos \u00e4ven de mest kr\u00e4vande kunderna. Vi ser till att v\u00e5ra produkter \u00e4r funktionella, estetiska och h\u00e5llbara, vilket garanterar deras livsl\u00e4ngd och kundn\u00f6jdhet.<\/p>\n\t\t\t\t\t\t\t\t<\/div>\n\t\t\t\t<\/div>\n\t\t\t\t\t<\/div>\n\t\t<\/div>\n\t\t\t\t<div class=\"elementor-column elementor-col-66 elementor-top-column elementor-element elementor-element-4b2de284\" data-id=\"4b2de284\" data-element_type=\"column\" data-e-type=\"column\">\n\t\t\t<div class=\"elementor-widget-wrap elementor-element-populated\">\n\t\t\t\t\t\t<div class=\"elementor-element elementor-element-b88ecb6 elementor-widget elementor-widget-image\" data-id=\"b88ecb6\" data-element_type=\"widget\" data-e-type=\"widget\" data-widget_type=\"image.default\">\n\t\t\t\t<div class=\"elementor-widget-container\">\n\t\t\t\t\t\t\t\t\t\t\t\t\t\t\t<img fetchpriority=\"high\" decoding=\"async\" width=\"595\" height=\"397\" src=\"https:\/\/fluktsekk.no\/wp-content\/uploads\/2024\/05\/HELPBAG00045-595x397.jpg\" class=\"attachment-large size-large wp-image-5361\" alt=\"\" srcset=\"https:\/\/fluktsekk.no\/wp-content\/uploads\/2024\/05\/HELPBAG00045-595x397.jpg 595w, https:\/\/fluktsekk.no\/wp-content\/uploads\/2024\/05\/HELPBAG00045-350x233.jpg 350w, https:\/\/fluktsekk.no\/wp-content\/uploads\/2024\/05\/HELPBAG00045-150x100.jpg 150w, https:\/\/fluktsekk.no\/wp-content\/uploads\/2024\/05\/HELPBAG00045-768x512.jpg 768w, https:\/\/fluktsekk.no\/wp-content\/uploads\/2024\/05\/HELPBAG00045-1536x1024.jpg 1536w, https:\/\/fluktsekk.no\/wp-content\/uploads\/2024\/05\/HELPBAG00045-2048x1365.jpg 2048w, https:\/\/fluktsekk.no\/wp-content\/uploads\/2024\/05\/HELPBAG00045-450x300.jpg 450w\" sizes=\"(max-width: 595px) 100vw, 595px\" \/>\t\t\t\t\t\t\t\t\t\t\t\t\t\t\t<\/div>\n\t\t\t\t<\/div>\n\t\t\t\t\t<\/div>\n\t\t<\/div>\n\t\t\t\t\t<\/div>\n\t\t<\/section>\n\t\t\t\t<section class=\"elementor-section elementor-top-section elementor-element elementor-element-20315a4a elementor-section-boxed elementor-section-height-default elementor-section-height-default\" data-id=\"20315a4a\" data-element_type=\"section\" data-e-type=\"section\">\n\t\t\t\t\t\t<div class=\"elementor-container elementor-column-gap-default\">\n\t\t\t\t\t<div class=\"elementor-column elementor-col-50 elementor-top-column elementor-element elementor-element-484a593e\" data-id=\"484a593e\" data-element_type=\"column\" data-e-type=\"column\">\n\t\t\t<div class=\"elementor-widget-wrap elementor-element-populated\">\n\t\t\t\t\t\t<div class=\"elementor-element elementor-element-11dda67 elementor-widget elementor-widget-text-editor\" data-id=\"11dda67\" data-element_type=\"widget\" data-e-type=\"widget\" data-widget_type=\"text-editor.default\">\n\t\t\t\t<div class=\"elementor-widget-container\">\n\t\t\t\t\t\t\t\t\t<h3>Hj\u00e4lp v\u00e4skan &#8211; Var ansvarsfull<\/h3>\n<p>Help Bag drivs av id\u00e9n &#8221;Be Responsible&#8221;, vilket inneb\u00e4r medvetna och s\u00e4kra handlingar i situationer av fara, isolering eller n\u00f6devakuering. Vi tror att r\u00e4tt f\u00f6rberedelser och inst\u00e4llning kan hj\u00e4lpa dig att beh\u00e5lla lugnet och agera s\u00e4kert \u00e4ven i de mest extrema situationer. Det \u00e4r denna ansvarsk\u00e4nsla som har motiverat Help Bag att skapa en av de b\u00e4sta evakueringssatserna p\u00e5 marknaden.<\/p>\n<h3>Om Help Bag<\/h3>\n<p>Help Bag \u00e4r ett f\u00f6retag som fokuserar p\u00e5 p\u00e5litlighet och h\u00e5llbarhet hos sina produkter och f\u00f6rbereder dem f\u00f6r olika of\u00f6rutsedda situationer. Help Bags produkter \u00e4r resultatet av passion och engagemang, med m\u00e5let att garantera s\u00e4kerhet och sinnesro f\u00f6r anv\u00e4ndarna.<\/p>\n<h3>Hur uppstod Help Bag?<\/h3>\n<p>Help Bag skapades i ett litet polskt syrum under \u00f6verinseende av erfarna designm\u00e4stare. Varje produkt \u00e4r designad och monterad i Polen med stor omsorg om detaljerna.<\/p>\n<p>Produkterna som s\u00e4ljs av Help Bag \u00e4r tillverkade av original och certifierat CORDURA\u00ae-tyg. Detta \u00e4r ett av de mest slitstarka textilmaterialen p\u00e5 marknaden och k\u00e4nnetecknas av en extraordin\u00e4r t\u00e5lighet mot rivning och n\u00f6tning. Detta g\u00f6r Help Bags produkter praktiskt taget of\u00f6rst\u00f6rbara. Slitstarka blixtl\u00e5s och robusta sp\u00e4nnen kommer fr\u00e5n de b\u00e4sta leverant\u00f6rerna och s\u00e4kerst\u00e4ller att inneh\u00e5llet i din ryggs\u00e4ck, v\u00e4ska eller modul \u00e4r s\u00e4kert under alla f\u00f6rh\u00e5llanden.<\/p>\n<h3>Samarbete med Fluktsekk<\/h3>\n<p>Help Bags produkter, som \u00e4r tillg\u00e4ngliga genom samarbete med Fluktsekk &#8211; Handelshage AS, erbjuds p\u00e5 den skandinaviska marknaden, vilket garanterar h\u00f6g kvalitet och attraktiva priser. Genom att k\u00f6pa i Norge direkt fr\u00e5n oss slipper du de extra kostnader f\u00f6r moms och tullavgifter som kan uppst\u00e5 vid enskilda best\u00e4llningar fr\u00e5n utlandet. Detta g\u00f6r det b\u00e5de bekv\u00e4mt och kostnadseffektivt att k\u00f6pa fr\u00e5n Fluktsekk.<\/p>\n\t\t\t\t\t\t\t\t<\/div>\n\t\t\t\t<\/div>\n\t\t\t\t<div class=\"elementor-element elementor-element-fc3d698 elementor-widget elementor-widget-text-editor\" data-id=\"fc3d698\" data-element_type=\"widget\" data-e-type=\"widget\" data-widget_type=\"text-editor.default\">\n\t\t\t\t<div class=\"elementor-widget-container\">\n\t\t\t\t\t\t\t\t\t<p>Vi \u00e4r alltid \u00f6ppna f\u00f6r nya samarbetsm\u00f6jligheter och partnerskap. Vi tror p\u00e5 v\u00e4rdet av att bygga starka relationer med andra f\u00f6retag och individer f\u00f6r att fr\u00e4mja tillv\u00e4xt och utveckling.<\/p>\n<p>F\u00f6r mer information och f\u00f6r att diskutera potentiella samarbetsm\u00f6jligheter, v\u00e4nligen kontakta oss p\u00e5 <a href=\"mailto:post@fluktsekk.no\">post@fluktsekk.no<\/a><\/p><\/p>\n\t\t\t\t\t\t\t\t<\/div>\n\t\t\t\t<\/div>\n\t\t\t\t\t<\/div>\n\t\t<\/div>\n\t\t\t\t<div class=\"elementor-column elementor-col-25 elementor-top-column elementor-element elementor-element-2058690d\" data-id=\"2058690d\" data-element_type=\"column\" data-e-type=\"column\">\n\t\t\t<div class=\"elementor-widget-wrap\">\n\t\t\t\t\t\t\t<\/div>\n\t\t<\/div>\n\t\t\t\t<div class=\"elementor-column elementor-col-25 elementor-top-column elementor-element elementor-element-43d90edd\" data-id=\"43d90edd\" data-element_type=\"column\" data-e-type=\"column\">\n\t\t\t<div class=\"elementor-widget-wrap elementor-element-populated\">\n\t\t\t\t\t\t<div class=\"elementor-element elementor-element-1c4d2456 elementor-widget elementor-widget-text-editor\" data-id=\"1c4d2456\" data-element_type=\"widget\" data-e-type=\"widget\" data-widget_type=\"text-editor.default\">\n\t\t\t\t<div class=\"elementor-widget-container\">\n\t\t\t\t\t\t\t\t\t<table style=\"font-weight: 600;\">\n<tbody>\n<tr>\n<td>M\u00e5ndag, kl:<\/td>\n<td class=\"text-right\">10-19<\/td>\n<\/tr>\n<tr>\n<td>Tisdag, kl:<\/td>\n<td class=\"text-right\">10-19<\/td>\n<\/tr>\n<tr>\n<td>Onsdag, kl:<\/td>\n<td class=\"text-right\">10-19<\/td>\n<\/tr>\n<tr>\n<td>Torsdagar: 10-19<\/td>\n<td class=\"text-right\">10-19<\/td>\n<\/tr>\n<tr>\n<td>Fredagar: 10-19<\/td>\n<td class=\"text-right\">10-19<\/td>\n<\/tr>\n<tr>\n<td>L\u00f6rdag, kl:<\/td>\n<td class=\"text-right\">10-18<\/td>\n<\/tr>\n<tr>\n<td>s\u00f6ndag:<\/td>\n<td class=\"text-right\">St\u00e4ngt<\/td>\n<\/tr>\n<\/tbody>\n<\/table>\n\t\t\t\t\t\t\t\t<\/div>\n\t\t\t\t<\/div>\n\t\t\t\t<div class=\"elementor-element elementor-element-bf0945a elementor-widget elementor-widget-heading\" data-id=\"bf0945a\" data-element_type=\"widget\" data-e-type=\"widget\" data-widget_type=\"heading.default\">\n\t\t\t\t<div class=\"elementor-widget-container\">\n\t\t\t\t\t<h2 class=\"elementor-heading-title elementor-size-default\">Handelshage AS<\/h2>\t\t\t\t<\/div>\n\t\t\t\t<\/div>\n\t\t\t\t<div class=\"elementor-element elementor-element-f0d6c9f elementor-widget elementor-widget-text-editor\" data-id=\"f0d6c9f\" data-element_type=\"widget\" data-e-type=\"widget\" data-widget_type=\"text-editor.default\">\n\t\t\t\t<div class=\"elementor-widget-container\">\n\t\t\t\t\t\t\t\t\t<p>Ramstadsletta 24, 1363 H\u00f8vik, Norge<br \/>E-post: <a href=\"mailto:post@fluktsekk.no\">post@fluktsekk.no<\/a><br \/>Org. nr. 92548059 MVA<\/p>\n\t\t\t\t\t\t\t\t<\/div>\n\t\t\t\t<\/div>\n\t\t\t\t<div class=\"elementor-element elementor-element-3a85e12 elementor-widget elementor-widget-text-editor\" data-id=\"3a85e12\" data-element_type=\"widget\" data-e-type=\"widget\" data-widget_type=\"text-editor.default\">\n\t\t\t\t<div class=\"elementor-widget-container\">\n\t\t\t\t\t\t\t\t\t<p>F\u00f6r n\u00e4rvarande s\u00e4ljer vi bara online, men vi skulle g\u00e4rna vilja visa dig v\u00e5ra produkter i verkligheten. Ordna en presentation med oss.<\/p>\n\t\t\t\t\t\t\t\t<\/div>\n\t\t\t\t<\/div>\n\t\t\t\t\t<\/div>\n\t\t<\/div>\n\t\t\t\t\t<\/div>\n\t\t<\/section>\n\t\t\t\t<\/div>\n\t\t","protected":false},"excerpt":{"rendered":"<p>Om oss &#8211; Fluktsekk Handelshage AS grundades 2020 och \u00e4r specialiserat p\u00e5 import av professionella produkter av h\u00f6g kvalitet. Vi verkar p\u00e5 den skandinaviska marknaden och s\u00e4ljer v\u00e5ra produkter via Fluktsekk onlinebutik. Best\u00e4llningar behandlas dagligen med leverans fr\u00e5n Norge, fr\u00e5n v\u00e5rt f\u00f6retag som ligger 5 km fr\u00e5n Oslo. Vi erbjuder v\u00e5ra produkter i Norge, Sverige [&hellip;]<\/p>\n","protected":false},"author":1,"featured_media":0,"parent":0,"menu_order":0,"comment_status":"closed","ping_status":"closed","template":"","meta":{"footnotes":""},"class_list":["post-5833","page","type-page","status-publish","hentry"],"yoast_head":"<!-- This site is optimized with the Yoast SEO plugin v27.5 - https:\/\/yoast.com\/product\/yoast-seo-wordpress\/ -->\n<title>Om oss - Bug Out Bag - Friluftsliv - Fluktsekk.no<\/title>\n<meta name=\"robots\" content=\"index, follow, max-snippet:-1, max-image-preview:large, max-video-preview:-1\" \/>\n<link rel=\"canonical\" href=\"https:\/\/fluktsekk.no\/sv\/om-oss\/\" \/>\n<meta property=\"og:locale\" content=\"sv_SE\" \/>\n<meta property=\"og:type\" content=\"article\" \/>\n<meta property=\"og:title\" content=\"Om oss - Bug Out Bag - Friluftsliv - Fluktsekk.no\" \/>\n<meta property=\"og:description\" content=\"Om oss &#8211; Fluktsekk Handelshage AS grundades 2020 och \u00e4r specialiserat p\u00e5 import av professionella produkter av h\u00f6g kvalitet. Vi verkar p\u00e5 den skandinaviska marknaden och s\u00e4ljer v\u00e5ra produkter via Fluktsekk onlinebutik. Best\u00e4llningar behandlas dagligen med leverans fr\u00e5n Norge, fr\u00e5n v\u00e5rt f\u00f6retag som ligger 5 km fr\u00e5n Oslo. Vi erbjuder v\u00e5ra produkter i Norge, Sverige [&hellip;]\" \/>\n<meta property=\"og:url\" content=\"https:\/\/fluktsekk.no\/sv\/om-oss\/\" \/>\n<meta property=\"og:site_name\" content=\"Bug Out Bag - Friluftsliv - Fluktsekk.no\" \/>\n<meta property=\"article:modified_time\" content=\"2024-06-07T09:20:24+00:00\" \/>\n<meta property=\"og:image\" content=\"https:\/\/fluktsekk.no\/wp-content\/uploads\/2024\/05\/HELPBAG00045-595x397.jpg\" \/>\n<meta name=\"twitter:card\" content=\"summary_large_image\" \/>\n<meta name=\"twitter:label1\" content=\"Ber\u00e4knad l\u00e4stid\" \/>\n\t<meta name=\"twitter:data1\" content=\"2 minuter\" \/>\n<script type=\"application\/ld+json\" class=\"yoast-schema-graph\">{\"@context\":\"https:\\\/\\\/schema.org\",\"@graph\":[{\"@type\":\"WebPage\",\"@id\":\"https:\\\/\\\/fluktsekk.no\\\/sv\\\/om-oss\\\/\",\"url\":\"https:\\\/\\\/fluktsekk.no\\\/sv\\\/om-oss\\\/\",\"name\":\"Om oss - Bug Out Bag - Friluftsliv - Fluktsekk.no\",\"isPartOf\":{\"@id\":\"https:\\\/\\\/fluktsekk.no\\\/sv\\\/#website\"},\"primaryImageOfPage\":{\"@id\":\"https:\\\/\\\/fluktsekk.no\\\/sv\\\/om-oss\\\/#primaryimage\"},\"image\":{\"@id\":\"https:\\\/\\\/fluktsekk.no\\\/sv\\\/om-oss\\\/#primaryimage\"},\"thumbnailUrl\":\"https:\\\/\\\/fluktsekk.no\\\/wp-content\\\/uploads\\\/2024\\\/05\\\/HELPBAG00045-595x397.jpg\",\"datePublished\":\"2024-05-17T14:11:35+00:00\",\"dateModified\":\"2024-06-07T09:20:24+00:00\",\"breadcrumb\":{\"@id\":\"https:\\\/\\\/fluktsekk.no\\\/sv\\\/om-oss\\\/#breadcrumb\"},\"inLanguage\":\"sv-SE\",\"potentialAction\":[{\"@type\":\"ReadAction\",\"target\":[\"https:\\\/\\\/fluktsekk.no\\\/sv\\\/om-oss\\\/\"]}]},{\"@type\":\"ImageObject\",\"inLanguage\":\"sv-SE\",\"@id\":\"https:\\\/\\\/fluktsekk.no\\\/sv\\\/om-oss\\\/#primaryimage\",\"url\":\"https:\\\/\\\/fluktsekk.no\\\/wp-content\\\/uploads\\\/2024\\\/05\\\/HELPBAG00045-595x397.jpg\",\"contentUrl\":\"https:\\\/\\\/fluktsekk.no\\\/wp-content\\\/uploads\\\/2024\\\/05\\\/HELPBAG00045-595x397.jpg\"},{\"@type\":\"BreadcrumbList\",\"@id\":\"https:\\\/\\\/fluktsekk.no\\\/sv\\\/om-oss\\\/#breadcrumb\",\"itemListElement\":[{\"@type\":\"ListItem\",\"position\":1,\"name\":\"Hjem\",\"item\":\"https:\\\/\\\/fluktsekk.no\\\/sv\\\/\"},{\"@type\":\"ListItem\",\"position\":2,\"name\":\"Om oss\"}]},{\"@type\":\"WebSite\",\"@id\":\"https:\\\/\\\/fluktsekk.no\\\/sv\\\/#website\",\"url\":\"https:\\\/\\\/fluktsekk.no\\\/sv\\\/\",\"name\":\"Bug Out Bag - Friluftsliv - Fluktsekk.no\",\"description\":\"\",\"potentialAction\":[{\"@type\":\"SearchAction\",\"target\":{\"@type\":\"EntryPoint\",\"urlTemplate\":\"https:\\\/\\\/fluktsekk.no\\\/sv\\\/?s={search_term_string}\"},\"query-input\":{\"@type\":\"PropertyValueSpecification\",\"valueRequired\":true,\"valueName\":\"search_term_string\"}}],\"inLanguage\":\"sv-SE\"}]}<\/script>\n<!-- \/ Yoast SEO plugin. -->","yoast_head_json":{"title":"Om oss - Bug Out Bag - Friluftsliv - Fluktsekk.no","robots":{"index":"index","follow":"follow","max-snippet":"max-snippet:-1","max-image-preview":"max-image-preview:large","max-video-preview":"max-video-preview:-1"},"canonical":"https:\/\/fluktsekk.no\/sv\/om-oss\/","og_locale":"sv_SE","og_type":"article","og_title":"Om oss - Bug Out Bag - Friluftsliv - Fluktsekk.no","og_description":"Om oss &#8211; Fluktsekk Handelshage AS grundades 2020 och \u00e4r specialiserat p\u00e5 import av professionella produkter av h\u00f6g kvalitet. Vi verkar p\u00e5 den skandinaviska marknaden och s\u00e4ljer v\u00e5ra produkter via Fluktsekk onlinebutik. Best\u00e4llningar behandlas dagligen med leverans fr\u00e5n Norge, fr\u00e5n v\u00e5rt f\u00f6retag som ligger 5 km fr\u00e5n Oslo. Vi erbjuder v\u00e5ra produkter i Norge, Sverige [&hellip;]","og_url":"https:\/\/fluktsekk.no\/sv\/om-oss\/","og_site_name":"Bug Out Bag - Friluftsliv - Fluktsekk.no","article_modified_time":"2024-06-07T09:20:24+00:00","og_image":[{"url":"https:\/\/fluktsekk.no\/wp-content\/uploads\/2024\/05\/HELPBAG00045-595x397.jpg","type":"","width":"","height":""}],"twitter_card":"summary_large_image","twitter_misc":{"Ber\u00e4knad l\u00e4stid":"2 minuter"},"schema":{"@context":"https:\/\/schema.org","@graph":[{"@type":"WebPage","@id":"https:\/\/fluktsekk.no\/sv\/om-oss\/","url":"https:\/\/fluktsekk.no\/sv\/om-oss\/","name":"Om oss - Bug Out Bag - Friluftsliv - Fluktsekk.no","isPartOf":{"@id":"https:\/\/fluktsekk.no\/sv\/#website"},"primaryImageOfPage":{"@id":"https:\/\/fluktsekk.no\/sv\/om-oss\/#primaryimage"},"image":{"@id":"https:\/\/fluktsekk.no\/sv\/om-oss\/#primaryimage"},"thumbnailUrl":"https:\/\/fluktsekk.no\/wp-content\/uploads\/2024\/05\/HELPBAG00045-595x397.jpg","datePublished":"2024-05-17T14:11:35+00:00","dateModified":"2024-06-07T09:20:24+00:00","breadcrumb":{"@id":"https:\/\/fluktsekk.no\/sv\/om-oss\/#breadcrumb"},"inLanguage":"sv-SE","potentialAction":[{"@type":"ReadAction","target":["https:\/\/fluktsekk.no\/sv\/om-oss\/"]}]},{"@type":"ImageObject","inLanguage":"sv-SE","@id":"https:\/\/fluktsekk.no\/sv\/om-oss\/#primaryimage","url":"https:\/\/fluktsekk.no\/wp-content\/uploads\/2024\/05\/HELPBAG00045-595x397.jpg","contentUrl":"https:\/\/fluktsekk.no\/wp-content\/uploads\/2024\/05\/HELPBAG00045-595x397.jpg"},{"@type":"BreadcrumbList","@id":"https:\/\/fluktsekk.no\/sv\/om-oss\/#breadcrumb","itemListElement":[{"@type":"ListItem","position":1,"name":"Hjem","item":"https:\/\/fluktsekk.no\/sv\/"},{"@type":"ListItem","position":2,"name":"Om oss"}]},{"@type":"WebSite","@id":"https:\/\/fluktsekk.no\/sv\/#website","url":"https:\/\/fluktsekk.no\/sv\/","name":"Bug Out Bag - Friluftsliv - Fluktsekk.no","description":"","potentialAction":[{"@type":"SearchAction","target":{"@type":"EntryPoint","urlTemplate":"https:\/\/fluktsekk.no\/sv\/?s={search_term_string}"},"query-input":{"@type":"PropertyValueSpecification","valueRequired":true,"valueName":"search_term_string"}}],"inLanguage":"sv-SE"}]}},"_links":{"self":[{"href":"https:\/\/fluktsekk.no\/sv\/wp-json\/wp\/v2\/pages\/5833","targetHints":{"allow":["GET"]}}],"collection":[{"href":"https:\/\/fluktsekk.no\/sv\/wp-json\/wp\/v2\/pages"}],"about":[{"href":"https:\/\/fluktsekk.no\/sv\/wp-json\/wp\/v2\/types\/page"}],"author":[{"embeddable":true,"href":"https:\/\/fluktsekk.no\/sv\/wp-json\/wp\/v2\/users\/1"}],"replies":[{"embeddable":true,"href":"https:\/\/fluktsekk.no\/sv\/wp-json\/wp\/v2\/comments?post=5833"}],"version-history":[{"count":2,"href":"https:\/\/fluktsekk.no\/sv\/wp-json\/wp\/v2\/pages\/5833\/revisions"}],"predecessor-version":[{"id":5863,"href":"https:\/\/fluktsekk.no\/sv\/wp-json\/wp\/v2\/pages\/5833\/revisions\/5863"}],"wp:attachment":[{"href":"https:\/\/fluktsekk.no\/sv\/wp-json\/wp\/v2\/media?parent=5833"}],"curies":[{"name":"wp","href":"https:\/\/api.w.org\/{rel}","templated":true}]}}