{"id":5746,"date":"2024-05-17T16:03:16","date_gmt":"2024-05-17T14:03:16","guid":{"rendered":"https:\/\/fluktsekk.no\/styrenhet\/"},"modified":"2024-06-05T22:58:07","modified_gmt":"2024-06-05T20:58:07","slug":"styrenhet","status":"publish","type":"page","link":"https:\/\/fluktsekk.no\/sv\/styrenhet\/","title":{"rendered":"Styrenhet"},"content":{"rendered":"\t\t<div data-elementor-type=\"wp-page\" data-elementor-id=\"5746\" class=\"elementor elementor-5746 elementor-11\" data-elementor-post-type=\"page\">\n\t\t\t\t<div class=\"elementor-element elementor-element-4b492b88 e-flex e-con-boxed e-con e-parent\" data-id=\"4b492b88\" data-element_type=\"container\" data-e-type=\"container\">\n\t\t\t\t\t<div class=\"e-con-inner\">\n\t\t\t\t<div class=\"elementor-element elementor-element-227ec891 elementor-widget elementor-widget-text-editor\" data-id=\"227ec891\" data-element_type=\"widget\" data-e-type=\"widget\" data-widget_type=\"text-editor.default\">\n\t\t\t\t<div class=\"elementor-widget-container\">\n\t\t\t\t\t\t\t\t\t<p><\/p>\n<h4><strong>Regler f\u00f6r onlinebutiken fluktsekk.no<\/strong><\/h4>\n<p>Senast uppdaterad: 01.06.2024<\/p>\n<p>Vi ber dig att noggrant l\u00e4sa igenom f\u00f6ljande villkor och best\u00e4mmelser. Anv\u00e4ndning av v\u00e5r onlinebutik fluktsekk.no inneb\u00e4r acceptans och samtycke till att f\u00f6lja f\u00f6ljande regler och villkor.<\/p>\n<h4><strong>Definitioner<\/strong><\/h4>\n<p>&#8211; Med &#8221;Butik&#8221; avses den webbutik som finns p\u00e5 adressen fluktsekk.no.<\/p>\n<p>&#8211; Med &#8221;kund&#8221; avses fysisk person eller f\u00f6retag som g\u00f6r ett k\u00f6p i butiken.<\/p>\n<p>&#8211; Med &#8221;Regler&#8221; avses detta dokument som inneh\u00e5ller riktlinjer f\u00f6r anv\u00e4ndningen av butiken.<\/p>\n<p>&#8211; Med &#8221;produkter&#8221; avses varor och tj\u00e4nster som finns i butiken.<\/p>\n<h4><strong>Allm\u00e4n information<\/strong><\/h4>\n<ol>\n<li>Butiken fluktsekk.no drivs av Handelshage AS, med adress Ramstadsletta 24, Org.nr 925480592.<\/li>\n<li>Butiken erbjuder produkter som finns tillg\u00e4ngliga f\u00f6r k\u00f6p online.<\/li>\n<li>Villkoren f\u00f6r anv\u00e4ndning av butiken, liksom processen f\u00f6r best\u00e4llning och leverans av produkter, beskrivs i reglerna.<\/li>\n<\/ol>\n<h4><strong>Bokningar<\/strong><\/h4>\n<ol>\n<li>Produkter kan best\u00e4llas via onlinebutiken fluktsekk.no.<\/li>\n<li>F\u00f6r att g\u00f6ra en best\u00e4llning m\u00e5ste kunden registrera sig eller logga in p\u00e5 sitt konto.<\/li>\n<li>En order \u00e4r ett \u00e5tagande om att k\u00f6pa produkter och m\u00e5ste godk\u00e4nnas av butiken.<\/li>\n<li>Butiken f\u00f6rbeh\u00e5ller sig r\u00e4tten att avvisa en best\u00e4llning utan att ange sk\u00e4l.<\/li>\n<li>En best\u00e4llning kommer att bekr\u00e4ftas av butiken via e-post, som inneh\u00e5ller information om best\u00e4llningen.<\/li>\n<\/ol>\n<h4><strong>Priser och betalningar<\/strong><\/h4>\n<ol>\n<li>Priserna p\u00e5 de produkter som anges p\u00e5 butikens webbplats \u00e4r bruttopriser och inkluderar merv\u00e4rdesskatt (moms).<\/li>\n<li>Kunden har m\u00f6jlighet att v\u00e4lja en betalningsmetod som \u00e4r tillg\u00e4nglig i butiken.<\/li>\n<li>Butiken f\u00f6rbeh\u00e5ller sig r\u00e4tten att n\u00e4r som helst \u00e4ndra priserna p\u00e5 produkterna och erbjudandet.<\/li>\n<\/ol>\n<h4><strong>Leverans<\/strong><\/h4>\n<ol>\n<li>Leverans av varor sker inom Norges gr\u00e4nser samt till Sverige och Finland och utf\u00f6rs av de leverant\u00f6rer som butiken anvisar.<\/li>\n<li>Leveranskostnaderna fastst\u00e4lls vid best\u00e4llningstillf\u00e4llet och beror p\u00e5 vald leveransmetod och leveransplats.<\/li>\n<\/ol>\n<h4><strong>R\u00e4tt till avbest\u00e4llning<\/strong><\/h4>\n<ol>\n<li>Kunden har r\u00e4tt att h\u00e4va k\u00f6pet av produkter utan att ange sk\u00e4l inom 14 dagar efter att ha mottagit produkterna.<\/li>\n<\/ol>\n<h4><strong>Klagande<\/strong><\/h4>\n<ol>\n<li>Kunden har r\u00e4tt att klaga p\u00e5 produkter som k\u00f6pts i butiken.<\/li>\n<li>Reklamation kan ske vid produktfel eller avvikelser fr\u00e5n avtalet.<\/li>\n<li>F\u00f6r att g\u00f6ra en reklamation m\u00e5ste kunden kontakta butikens kundtj\u00e4nst p\u00e5 <a href=\"mailto:post@fluktsekk.no\" rel=\"noreferrer\">post@fluktsekk.no<\/a> och informera om problemet.<\/li>\n<li>Butiken kommer att behandla klagom\u00e5let inom 14 dagar fr\u00e5n det att klagom\u00e5let mottagits.<\/li>\n<li>Om klagom\u00e5let godk\u00e4nns kommer butiken att vidta l\u00e4mpliga \u00e5tg\u00e4rder, t.ex. byta ut produkten eller \u00e5terbetala i enlighet med g\u00e4llande best\u00e4mmelser.<\/li>\n<\/ol>\n<h4><strong>Ansvarsfullhet<\/strong><\/h4>\n<ol>\n<li>Butiken ansvarar inte f\u00f6r skador som uppst\u00e5r till f\u00f6ljd av anv\u00e4ndningen av produkterna, om inte annat f\u00f6reskrivs i lag.<\/li>\n<\/ol>\n<h4><strong>\u00c4ndringar av reglerna<\/strong><\/h4>\n<ol>\n<li>Butiken f\u00f6rbeh\u00e5ller sig r\u00e4tten att \u00e4ndra reglerna. \u00c4ndringarna tr\u00e4der i kraft fr\u00e5n och med den dag de publiceras p\u00e5 butikens webbplats.<\/li>\n<li>Kunden f\u00f6rbinder sig att f\u00f6re best\u00e4llning s\u00e4tta sig in i g\u00e4llande regler.<\/li>\n<\/ol>\n<h4><strong>Kontakta oss<\/strong><\/h4>\n<ol>\n<li>Butiken finns tillg\u00e4nglig p\u00e5 webbplatsen <a href=\"http:\/\/www.fluktsekk.no\/\" target=\"_new\" rel=\"noreferrer\">www.fluktsekk.no.<\/a><\/li>\n<li>Eventuella fr\u00e5gor eller kommentarer kan st\u00e4llas till e-postadressen <a href=\"mailto:post@fluktsekk.no\" rel=\"noreferrer\">post@fluktsekk.no.<\/a><\/li>\n<\/ol>\n<p>Dessa regler g\u00e4ller fr\u00e5n och med den 1 juni 2024.<\/p>\n<p><\/p>\t\t\t\t\t\t\t\t<\/div>\n\t\t\t\t<\/div>\n\t\t\t\t\t<\/div>\n\t\t\t\t<\/div>\n\t\t\t\t<\/div>\n\t\t","protected":false},"excerpt":{"rendered":"<p>Regler f\u00f6r onlinebutiken fluktsekk.no Senast uppdaterad: 01.06.2024 Vi ber dig att noggrant l\u00e4sa igenom f\u00f6ljande villkor och best\u00e4mmelser. Anv\u00e4ndning av v\u00e5r onlinebutik fluktsekk.no inneb\u00e4r acceptans och samtycke till att f\u00f6lja f\u00f6ljande regler och villkor. Definitioner &#8211; Med &#8221;Butik&#8221; avses den webbutik som finns p\u00e5 adressen fluktsekk.no. &#8211; Med &#8221;kund&#8221; avses fysisk person eller f\u00f6retag som [&hellip;]<\/p>\n","protected":false},"author":1,"featured_media":0,"parent":0,"menu_order":0,"comment_status":"closed","ping_status":"closed","template":"","meta":{"footnotes":""},"class_list":["post-5746","page","type-page","status-publish","hentry"],"yoast_head":"<!-- This site is optimized with the Yoast SEO plugin v27.5 - https:\/\/yoast.com\/product\/yoast-seo-wordpress\/ -->\n<title>Styrenhet - Bug Out Bag - Friluftsliv - Fluktsekk.no<\/title>\n<meta name=\"robots\" content=\"index, follow, max-snippet:-1, max-image-preview:large, max-video-preview:-1\" \/>\n<link rel=\"canonical\" href=\"https:\/\/fluktsekk.no\/sv\/styrenhet\/\" \/>\n<meta property=\"og:locale\" content=\"sv_SE\" \/>\n<meta property=\"og:type\" content=\"article\" \/>\n<meta property=\"og:title\" content=\"Styrenhet - Bug Out Bag - Friluftsliv - Fluktsekk.no\" \/>\n<meta property=\"og:description\" content=\"Regler f\u00f6r onlinebutiken fluktsekk.no Senast uppdaterad: 01.06.2024 Vi ber dig att noggrant l\u00e4sa igenom f\u00f6ljande villkor och best\u00e4mmelser. Anv\u00e4ndning av v\u00e5r onlinebutik fluktsekk.no inneb\u00e4r acceptans och samtycke till att f\u00f6lja f\u00f6ljande regler och villkor. Definitioner &#8211; Med &#8221;Butik&#8221; avses den webbutik som finns p\u00e5 adressen fluktsekk.no. &#8211; Med &#8221;kund&#8221; avses fysisk person eller f\u00f6retag som [&hellip;]\" \/>\n<meta property=\"og:url\" content=\"https:\/\/fluktsekk.no\/sv\/styrenhet\/\" \/>\n<meta property=\"og:site_name\" content=\"Bug Out Bag - Friluftsliv - Fluktsekk.no\" \/>\n<meta property=\"article:modified_time\" content=\"2024-06-05T20:58:07+00:00\" \/>\n<meta name=\"twitter:card\" content=\"summary_large_image\" \/>\n<meta name=\"twitter:label1\" content=\"Ber\u00e4knad l\u00e4stid\" \/>\n\t<meta name=\"twitter:data1\" content=\"3 minuter\" \/>\n<script type=\"application\/ld+json\" class=\"yoast-schema-graph\">{\"@context\":\"https:\\\/\\\/schema.org\",\"@graph\":[{\"@type\":\"WebPage\",\"@id\":\"https:\\\/\\\/fluktsekk.no\\\/sv\\\/styrenhet\\\/\",\"url\":\"https:\\\/\\\/fluktsekk.no\\\/sv\\\/styrenhet\\\/\",\"name\":\"Styrenhet - Bug Out Bag - Friluftsliv - Fluktsekk.no\",\"isPartOf\":{\"@id\":\"https:\\\/\\\/fluktsekk.no\\\/sv\\\/#website\"},\"datePublished\":\"2024-05-17T14:03:16+00:00\",\"dateModified\":\"2024-06-05T20:58:07+00:00\",\"breadcrumb\":{\"@id\":\"https:\\\/\\\/fluktsekk.no\\\/sv\\\/styrenhet\\\/#breadcrumb\"},\"inLanguage\":\"sv-SE\",\"potentialAction\":[{\"@type\":\"ReadAction\",\"target\":[\"https:\\\/\\\/fluktsekk.no\\\/sv\\\/styrenhet\\\/\"]}]},{\"@type\":\"BreadcrumbList\",\"@id\":\"https:\\\/\\\/fluktsekk.no\\\/sv\\\/styrenhet\\\/#breadcrumb\",\"itemListElement\":[{\"@type\":\"ListItem\",\"position\":1,\"name\":\"Hjem\",\"item\":\"https:\\\/\\\/fluktsekk.no\\\/sv\\\/\"},{\"@type\":\"ListItem\",\"position\":2,\"name\":\"Styrenhet\"}]},{\"@type\":\"WebSite\",\"@id\":\"https:\\\/\\\/fluktsekk.no\\\/sv\\\/#website\",\"url\":\"https:\\\/\\\/fluktsekk.no\\\/sv\\\/\",\"name\":\"Bug Out Bag - Friluftsliv - Fluktsekk.no\",\"description\":\"\",\"potentialAction\":[{\"@type\":\"SearchAction\",\"target\":{\"@type\":\"EntryPoint\",\"urlTemplate\":\"https:\\\/\\\/fluktsekk.no\\\/sv\\\/?s={search_term_string}\"},\"query-input\":{\"@type\":\"PropertyValueSpecification\",\"valueRequired\":true,\"valueName\":\"search_term_string\"}}],\"inLanguage\":\"sv-SE\"}]}<\/script>\n<!-- \/ Yoast SEO plugin. -->","yoast_head_json":{"title":"Styrenhet - Bug Out Bag - Friluftsliv - Fluktsekk.no","robots":{"index":"index","follow":"follow","max-snippet":"max-snippet:-1","max-image-preview":"max-image-preview:large","max-video-preview":"max-video-preview:-1"},"canonical":"https:\/\/fluktsekk.no\/sv\/styrenhet\/","og_locale":"sv_SE","og_type":"article","og_title":"Styrenhet - Bug Out Bag - Friluftsliv - Fluktsekk.no","og_description":"Regler f\u00f6r onlinebutiken fluktsekk.no Senast uppdaterad: 01.06.2024 Vi ber dig att noggrant l\u00e4sa igenom f\u00f6ljande villkor och best\u00e4mmelser. Anv\u00e4ndning av v\u00e5r onlinebutik fluktsekk.no inneb\u00e4r acceptans och samtycke till att f\u00f6lja f\u00f6ljande regler och villkor. Definitioner &#8211; Med &#8221;Butik&#8221; avses den webbutik som finns p\u00e5 adressen fluktsekk.no. &#8211; Med &#8221;kund&#8221; avses fysisk person eller f\u00f6retag som [&hellip;]","og_url":"https:\/\/fluktsekk.no\/sv\/styrenhet\/","og_site_name":"Bug Out Bag - Friluftsliv - Fluktsekk.no","article_modified_time":"2024-06-05T20:58:07+00:00","twitter_card":"summary_large_image","twitter_misc":{"Ber\u00e4knad l\u00e4stid":"3 minuter"},"schema":{"@context":"https:\/\/schema.org","@graph":[{"@type":"WebPage","@id":"https:\/\/fluktsekk.no\/sv\/styrenhet\/","url":"https:\/\/fluktsekk.no\/sv\/styrenhet\/","name":"Styrenhet - Bug Out Bag - Friluftsliv - Fluktsekk.no","isPartOf":{"@id":"https:\/\/fluktsekk.no\/sv\/#website"},"datePublished":"2024-05-17T14:03:16+00:00","dateModified":"2024-06-05T20:58:07+00:00","breadcrumb":{"@id":"https:\/\/fluktsekk.no\/sv\/styrenhet\/#breadcrumb"},"inLanguage":"sv-SE","potentialAction":[{"@type":"ReadAction","target":["https:\/\/fluktsekk.no\/sv\/styrenhet\/"]}]},{"@type":"BreadcrumbList","@id":"https:\/\/fluktsekk.no\/sv\/styrenhet\/#breadcrumb","itemListElement":[{"@type":"ListItem","position":1,"name":"Hjem","item":"https:\/\/fluktsekk.no\/sv\/"},{"@type":"ListItem","position":2,"name":"Styrenhet"}]},{"@type":"WebSite","@id":"https:\/\/fluktsekk.no\/sv\/#website","url":"https:\/\/fluktsekk.no\/sv\/","name":"Bug Out Bag - Friluftsliv - Fluktsekk.no","description":"","potentialAction":[{"@type":"SearchAction","target":{"@type":"EntryPoint","urlTemplate":"https:\/\/fluktsekk.no\/sv\/?s={search_term_string}"},"query-input":{"@type":"PropertyValueSpecification","valueRequired":true,"valueName":"search_term_string"}}],"inLanguage":"sv-SE"}]}},"_links":{"self":[{"href":"https:\/\/fluktsekk.no\/sv\/wp-json\/wp\/v2\/pages\/5746","targetHints":{"allow":["GET"]}}],"collection":[{"href":"https:\/\/fluktsekk.no\/sv\/wp-json\/wp\/v2\/pages"}],"about":[{"href":"https:\/\/fluktsekk.no\/sv\/wp-json\/wp\/v2\/types\/page"}],"author":[{"embeddable":true,"href":"https:\/\/fluktsekk.no\/sv\/wp-json\/wp\/v2\/users\/1"}],"replies":[{"embeddable":true,"href":"https:\/\/fluktsekk.no\/sv\/wp-json\/wp\/v2\/comments?post=5746"}],"version-history":[{"count":5,"href":"https:\/\/fluktsekk.no\/sv\/wp-json\/wp\/v2\/pages\/5746\/revisions"}],"predecessor-version":[{"id":5753,"href":"https:\/\/fluktsekk.no\/sv\/wp-json\/wp\/v2\/pages\/5746\/revisions\/5753"}],"wp:attachment":[{"href":"https:\/\/fluktsekk.no\/sv\/wp-json\/wp\/v2\/media?parent=5746"}],"curies":[{"name":"wp","href":"https:\/\/api.w.org\/{rel}","templated":true}]}}