{"id":5736,"date":"2024-05-17T15:28:21","date_gmt":"2024-05-17T13:28:21","guid":{"rendered":"https:\/\/fluktsekk.no\/integritetspolicy\/"},"modified":"2024-06-05T22:55:23","modified_gmt":"2024-06-05T20:55:23","slug":"integritetspolicy","status":"publish","type":"page","link":"https:\/\/fluktsekk.no\/sv\/integritetspolicy\/","title":{"rendered":"Integritetspolicy"},"content":{"rendered":"\t\t<div data-elementor-type=\"wp-page\" data-elementor-id=\"5736\" class=\"elementor elementor-5736 elementor-3\" data-elementor-post-type=\"page\">\n\t\t\t\t<div class=\"elementor-element elementor-element-39499bbe e-flex e-con-boxed e-con e-parent\" data-id=\"39499bbe\" data-element_type=\"container\" data-e-type=\"container\">\n\t\t\t\t\t<div class=\"e-con-inner\">\n\t\t\t\t<div class=\"elementor-element elementor-element-6a96f00a elementor-widget elementor-widget-text-editor\" data-id=\"6a96f00a\" data-element_type=\"widget\" data-e-type=\"widget\" data-widget_type=\"text-editor.default\">\n\t\t\t\t<div class=\"elementor-widget-container\">\n\t\t\t\t\t\t\t\t\t<h2><b>Integritetspolicy<\/b><\/h2>\n<h4><strong>Hur hanteras mina personuppgifter?<\/strong><\/h4>\n<p>Handelshage AS ansvarar f\u00f6r att behandlingen av dina personuppgifter sker i enlighet med g\u00e4llande integritetsbest\u00e4mmelser. Vi vill se till att du f\u00e5r en optimal shoppingupplevelse hos oss. H\u00e4r hittar du en \u00f6versikt \u00f6ver hur vi behandlar dina personuppgifter i enlighet med personuppgiftslagen och EU:s f\u00f6rordning 2016\/679 (General Data Protection Regulation, nedan kallad &#8221;GDPR&#8221;).<\/p>\n<h4><strong>Detta \u00e4r de personuppgifter som vi behandlar:<\/strong><\/h4>\n<p>&#8211; Dina personuppgifter som du l\u00e4mnar n\u00e4r du blir medlem och uppdaterar din profil, t.ex. namn, mobilnummer, e-postadress, f\u00f6delsedatum m.m. Den information du l\u00e4mnar till oss kan \u00e4ven komma att kompletteras med hj\u00e4lp av s\u00f6ktj\u00e4nster eller via sociala medier om du ger oss tillg\u00e5ng till dessa.<br>&#8211; Information om k\u00f6p och intj\u00e4ning av bonuspo\u00e4ng n\u00e4r du anv\u00e4nder ditt medlemskap.<br>&#8211; Information om vilka e-postmeddelanden du \u00f6ppnar och klickar p\u00e5.<br>&#8211; Information som du l\u00e4mnar till oss via v\u00e5r kundtj\u00e4nst.<br>&#8211; Information via cookies (se separat avsnitt nedan).<\/p>\n<h4><strong>Vad anv\u00e4nds mina personuppgifter till?<\/strong><\/h4>\n<p>Genom att f\u00f6rse oss med dina personuppgifter samtycker du till att vi anv\u00e4nder dina uppgifter f\u00f6r att tillhandah\u00e5lla den service du f\u00f6rv\u00e4ntar dig, enligt vad som anges nedan.<\/p>\n<h4><strong>Vi anv\u00e4nder dina personuppgifter f\u00f6r f\u00f6ljande \u00e4ndam\u00e5l:<\/strong><\/h4>\n<p>&#8211; F\u00f6r att skapa och hantera ditt personliga anv\u00e4ndarkonto och medlemskap i lojalitetsprogrammet.<br>&#8211; F\u00f6r att kunna dela ut bonuspo\u00e4ng, bonuscheckar och kontakta dig i samband med ditt medlemskap.<br>&#8211; F\u00f6r att f\u00f6rse dig med relevant inneh\u00e5ll, kommunikation och erbjudanden genom automatiserad profilering och bed\u00f6mning. Profilering inneb\u00e4r analys av personuppgifter och k\u00f6phistorik f\u00f6r att f\u00f6rst\u00e5 ditt beteende, dina preferenser, f\u00e4rdigheter eller behov som kund.<br>&#8211; F\u00f6r att kunna hj\u00e4lpa dig p\u00e5 b\u00e4sta m\u00f6jliga s\u00e4tt n\u00e4r du kontaktar oss.<br>&#8211; Att visa mer relevanta annonser i digitala kanaler, inklusive sociala medier.<br>&#8211; F\u00f6r att informera dig om tj\u00e4nster som f\u00f6rb\u00e4ttrar din shoppingupplevelse hos oss, t.ex. nya samarbetspartners, betalningsl\u00f6sningar eller andra tj\u00e4nster som du kan v\u00e4lja att anv\u00e4nda eller inte.<\/p>\n<h4><strong>Delning av mina personuppgifter<\/strong><\/h4>\n<p>Vi delar dina personuppgifter med v\u00e5ra leverant\u00f6rer inom kundservice, kommunikationstj\u00e4nster, annonsering och teknisk support. Dessa leverant\u00f6rer beh\u00f6ver uppgifterna f\u00f6r att kunna tillhandah\u00e5lla tj\u00e4nster till oss i enlighet med de villkor som anges i medlemsavtalen.<\/p>\n<p>F\u00f6r att kunna erbjuda Vipps och Stripe betalningsmetoder beh\u00f6ver vi dela viss information om dig med Vipps och Stripe.<\/p>\n<h4><strong>Anv\u00e4ndningen av s\u00e5dan information regleras i enlighet med till\u00e4mplig lagstiftning om dataskydd:<\/strong><\/h4>\n<p>&#8211; Vipps:<a href=\"https:\/\/vipps.no\/personvern-og-vilkar\/\">[L\u00e4nk till Vipps integritetspolicy<\/a>]<br>&#8211; Stripe:<a href=\"https:\/\/stripe.com\/en-no\/legal\/privacy-center\">[L\u00e4nk till Stripes integritetspolicy<\/a>]<\/p>\n<h4><strong>Var lagras mina personuppgifter?<\/strong><\/h4>\n<p>Alla dina personuppgifter lagras inom EU\/EES, \u00e4ven om vissa av v\u00e5ra leverant\u00f6rer har teknisk support utanf\u00f6r EU\/EES. N\u00e4r vi anv\u00e4nder oss av s\u00e5dana supporttj\u00e4nster regleras behandlingen av dina personuppgifter i enlighet med EU\/EES standardavtal f\u00f6r \u00f6verf\u00f6ring till tredje land eller andra godk\u00e4nda \u00f6verf\u00f6ringsmekanismer.<\/p>\n<h4><strong>Hur kan jag hantera mina personuppgifter?<\/strong><\/h4>\n<p>Du kan n\u00e4r som helst v\u00e4lja att \u00e4ndra dina personuppgifter och \u00e5terkalla ditt samtycke, vilket kommer att leda till att ditt medlemskap avslutas. Du kan g\u00f6ra det sj\u00e4lv eller kontakta oss f\u00f6r att f\u00e5 hj\u00e4lp.<\/p>\n<p>&#8211; Om du vill ha tillg\u00e5ng till dina personuppgifter har du r\u00e4tt att beg\u00e4ra det.<br>&#8211; Om du vill att dina personuppgifter ska r\u00e4ttas har du r\u00e4tt att beg\u00e4ra det.<br>&#8211; Om du vill radera dina personuppgifter har du r\u00e4tt att g\u00f6ra det, s\u00e5 l\u00e4nge vi inte \u00e4r skyldiga enligt lag att beh\u00e5lla dem.<br>&#8211; Om du vill begr\u00e4nsa behandlingen av dina personuppgifter har du r\u00e4tt att beg\u00e4ra det.<br>&#8211; Du kommer att f\u00e5 information fr\u00e5n oss om vi g\u00f6r \u00e4ndringar, raderar dina personuppgifter eller begr\u00e4nsar behandlingen.<br>&#8211; Du har ocks\u00e5 r\u00e4tt att beg\u00e4ra att dina personuppgifter \u00f6verf\u00f6rs i ett strukturerat, allm\u00e4nt anv\u00e4nt och maskinl\u00e4sbart format, samt r\u00e4tt att ta med dig dina uppgifter till en annan organisation. Detta g\u00e4ller endast information som du aktivt har l\u00e4mnat till oss.<br>&#8211; Om du anser att vi inte behandlar dina personuppgifter i enlighet med ditt samtycke har du r\u00e4tt att klaga.<\/p>\n<h4><strong>Vem har tillg\u00e5ng till mina personuppgifter?<\/strong><\/h4>\n<p>Dina personuppgifter behandlas endast av beh\u00f6rig personal som har tillg\u00e5ng till informationen som en del av sin yrkesroll och som \u00e4r skyldiga att anv\u00e4nda uppgifterna endast f\u00f6r de specifika och lagliga \u00e4ndam\u00e5l f\u00f6r vilka de samlades in.<\/p>\n<h4><strong>Hur l\u00e4nge lagras uppgifterna?<\/strong><\/h4>\n<p>Dina personuppgifter sparas s\u00e5 l\u00e4nge du \u00e4r aktiv medlem hos oss och inte v\u00e4ljer att avregistrera dig fr\u00e5n f\u00f6rm\u00e5nsprogrammet. Om du inte har handlat, haft ett aktivt bonussaldo eller haft n\u00e5gon annan interaktion med oss inom 24 m\u00e5nader avslutar vi ditt medlemskap och raderar dina personuppgifter, s\u00e5vida vi inte \u00e4r skyldiga att lagra dem i enlighet med artikel 17 i GDPR. Vi kommer att informera dig tre veckor innan vi avslutar ditt medlemskap.<\/p>\n<h4><strong>Hur skyddar ni mina personuppgifter?<\/strong><\/h4>\n<p>Vi lagrar dina personuppgifter i v\u00e5ra driftsmilj\u00f6er. Milj\u00f6erna anv\u00e4nder standardiserade s\u00e4kerhetsmetoder f\u00f6r att f\u00f6rhindra obeh\u00f6rig \u00e5tkomst. Vi f\u00f6ljer gemensamma standarder f\u00f6r att skydda personuppgifter och k\u00e4nslig information.<\/p>\n<h4><strong>S\u00e5 fungerar regelverket kring personuppgifter<\/strong><\/h4>\n<p>All behandling av personuppgifter, t.ex. insamling, registrering, lagring och utl\u00e4mnande, omfattas av s\u00e4rskilda regler, bl.a. personuppgiftslagen. Det \u00e4r Handelshage AS som ansvarar f\u00f6r att behandlingen sker i enlighet med lagen, d.v.s. &#8221;Personuppgiftsansvarig&#8221;. Den norska dataskyddsmyndigheten \u00f6vervakar efterlevnaden av best\u00e4mmelserna i Norge. Du har r\u00e4tt att klaga till Datainspektionen p\u00e5 den behandling som utf\u00f6rs av den personuppgiftsansvarige i samband med dessa medlemsvillkor.<\/p>\n<h4><strong>Cookies p\u00e5 fluktsekk.no<\/strong><\/h4>\n<p>N\u00e4r du bes\u00f6ker v\u00e5r webbplats placeras en cookie som anv\u00e4nds f\u00f6r att k\u00e4nna igen din dator eller mobiltelefon. Den ger information om din aktivitet p\u00e5 v\u00e5ra webbplatser. Det g\u00f6r det enklare f\u00f6r dig, eftersom cookies ser till att din mobiltelefon eller dator kommer ih\u00e5g dina inloggningsuppgifter vid till exempel n\u00e4sta bes\u00f6k. Cookies ger oss ocks\u00e5 information om ditt beteende p\u00e5 v\u00e5ra webbplatser, och vi delar dessa med tredje part f\u00f6r reklam\u00e4ndam\u00e5l. Du kan l\u00e4sa mer om cookies p\u00e5 v\u00e5r webbplats.<\/p>\n<p>&#8211; Hosting &#8211; Hosting av onlinebutikens plattform &#8211; <a href=\"https:\/\/thecamels.org\/en\/terms-and-conditions\/\">L\u00e4s integritetspolicyn h\u00e4r<\/a>.<br>&#8211; Bring (Posten) &#8211; Transport\u00f6r av paket och varor. <a href=\"https:\/\/www.bring.no\/privacy-policy\">L\u00e4s v\u00e5r integritetspolicy h\u00e4r<\/a>.<br>&#8211; Posten Norge &#8211; Transport\u00f6r av paket och varor. <a href=\"https:\/\/www.posten.no\/en\/privacy-policy\">L\u00e4s v\u00e5r integritetspolicy h\u00e4r<\/a>.<br>&#8211; Vipps &#8211; Om du betalar med Vipps i webbutiken kommer ditt telefonnummer att skickas till Vipps f\u00f6r vidare identifiering. <a href=\"https:\/\/vipps.no\/personvern-og-vilkar\/vipps-privacy-protection-policy-old\/\">L\u00e4s Vipps integritetspolicy h\u00e4r<\/a>.<br>&#8211; Google &#8211; <a href=\"https:\/\/policies.google.com\/privacy?hl=en-US\">L\u00e4s integritetspolicyn h\u00e4r<\/a>.<br>&#8211; Facebook pixel &#8211; <a href=\"https:\/\/www.facebook.com\/privacy\/policies\/cookies\">L\u00e4s integritetspolicyn h\u00e4r<\/a>.<br>&#8211; Tiktok Pixel &#8211; <a href=\"https:\/\/www.tiktok.com\/legal\/page\/eea\/privacy-policy\/en\">L\u00e4s integritetspolicyn h\u00e4r<\/a>.<\/p>\n<h4><strong>Marknadsf\u00f6ring via e-post<\/strong><\/h4>\n<p>Vi skickar nyhetsbrev via e-post s\u00e5 att du kan f\u00e5 olika typer av information och erbjudanden. Det \u00e4r frivilligt att anm\u00e4la sig f\u00f6r att f\u00e5 nyhetsbrev och du kommer endast att f\u00e5 dessa om du har gett ditt tydliga samtycke. Det \u00e4r enkelt att avregistrera sig fr\u00e5n nyhetsbrevet, antingen genom att kontakta oss eller genom att klicka p\u00e5 avregistreringsl\u00e4nken l\u00e4ngst ner i alla nyhetsbrev.<\/p>\n<p>Vi vill att v\u00e5ra nyhetsbrev ska upplevas som relevanta och v\u00e4rdefulla f\u00f6r dig. Vi anv\u00e4nder den information vi har om dig vid varje given tidpunkt f\u00f6r att anpassa nyhetsbreven s\u00e5 att erbjudanden och inneh\u00e5ll blir s\u00e5 intressanta och relevanta som m\u00f6jligt. Det kan t.ex. vara ditt namn och intresseomr\u00e5den, om du har angett detta, samt din orderhistorik.<\/p>\n<h4><strong>Kontaktuppgifter<\/strong><\/h4>\n<p>Personuppgiftsansvarig \u00e4r Handelshage AS, Ramstadsletta 24, 1363 H\u00f8vik, Norge. Om du har n\u00e5gra fr\u00e5gor om ditt medlemskap eller dina personuppgifter, v\u00e4nligen kontakta oss via e-post p\u00e5 post@fluktsekk.no.<\/p>\t\t\t\t\t\t\t\t<\/div>\n\t\t\t\t<\/div>\n\t\t\t\t\t<\/div>\n\t\t\t\t<\/div>\n\t\t\t\t<\/div>\n\t\t","protected":false},"excerpt":{"rendered":"<p>Integritetspolicy Hur hanteras mina personuppgifter? Handelshage AS ansvarar f\u00f6r att behandlingen av dina personuppgifter sker i enlighet med g\u00e4llande integritetsbest\u00e4mmelser. Vi vill se till att du f\u00e5r en optimal shoppingupplevelse hos oss. H\u00e4r hittar du en \u00f6versikt \u00f6ver hur vi behandlar dina personuppgifter i enlighet med personuppgiftslagen och EU:s f\u00f6rordning 2016\/679 (General Data Protection Regulation, [&hellip;]<\/p>\n","protected":false},"author":1,"featured_media":0,"parent":0,"menu_order":0,"comment_status":"closed","ping_status":"open","template":"","meta":{"footnotes":""},"class_list":["post-5736","page","type-page","status-publish","hentry"],"yoast_head":"<!-- This site is optimized with the Yoast SEO plugin v27.5 - https:\/\/yoast.com\/product\/yoast-seo-wordpress\/ -->\n<title>Integritetspolicy - Bug Out Bag - Friluftsliv - Fluktsekk.no<\/title>\n<meta name=\"robots\" content=\"index, follow, max-snippet:-1, max-image-preview:large, max-video-preview:-1\" \/>\n<link rel=\"canonical\" href=\"https:\/\/fluktsekk.no\/sv\/integritetspolicy\/\" \/>\n<meta property=\"og:locale\" content=\"sv_SE\" \/>\n<meta property=\"og:type\" content=\"article\" \/>\n<meta property=\"og:title\" content=\"Integritetspolicy - Bug Out Bag - Friluftsliv - Fluktsekk.no\" \/>\n<meta property=\"og:description\" content=\"Integritetspolicy Hur hanteras mina personuppgifter? Handelshage AS ansvarar f\u00f6r att behandlingen av dina personuppgifter sker i enlighet med g\u00e4llande integritetsbest\u00e4mmelser. Vi vill se till att du f\u00e5r en optimal shoppingupplevelse hos oss. H\u00e4r hittar du en \u00f6versikt \u00f6ver hur vi behandlar dina personuppgifter i enlighet med personuppgiftslagen och EU:s f\u00f6rordning 2016\/679 (General Data Protection Regulation, [&hellip;]\" \/>\n<meta property=\"og:url\" content=\"https:\/\/fluktsekk.no\/sv\/integritetspolicy\/\" \/>\n<meta property=\"og:site_name\" content=\"Bug Out Bag - Friluftsliv - Fluktsekk.no\" \/>\n<meta property=\"article:modified_time\" content=\"2024-06-05T20:55:23+00:00\" \/>\n<meta name=\"twitter:card\" content=\"summary_large_image\" \/>\n<meta name=\"twitter:label1\" content=\"Ber\u00e4knad l\u00e4stid\" \/>\n\t<meta name=\"twitter:data1\" content=\"7 minuter\" \/>\n<script type=\"application\/ld+json\" class=\"yoast-schema-graph\">{\"@context\":\"https:\\\/\\\/schema.org\",\"@graph\":[{\"@type\":\"WebPage\",\"@id\":\"https:\\\/\\\/fluktsekk.no\\\/sv\\\/integritetspolicy\\\/\",\"url\":\"https:\\\/\\\/fluktsekk.no\\\/sv\\\/integritetspolicy\\\/\",\"name\":\"Integritetspolicy - Bug Out Bag - Friluftsliv - Fluktsekk.no\",\"isPartOf\":{\"@id\":\"https:\\\/\\\/fluktsekk.no\\\/sv\\\/#website\"},\"datePublished\":\"2024-05-17T13:28:21+00:00\",\"dateModified\":\"2024-06-05T20:55:23+00:00\",\"breadcrumb\":{\"@id\":\"https:\\\/\\\/fluktsekk.no\\\/sv\\\/integritetspolicy\\\/#breadcrumb\"},\"inLanguage\":\"sv-SE\",\"potentialAction\":[{\"@type\":\"ReadAction\",\"target\":[\"https:\\\/\\\/fluktsekk.no\\\/sv\\\/integritetspolicy\\\/\"]}]},{\"@type\":\"BreadcrumbList\",\"@id\":\"https:\\\/\\\/fluktsekk.no\\\/sv\\\/integritetspolicy\\\/#breadcrumb\",\"itemListElement\":[{\"@type\":\"ListItem\",\"position\":1,\"name\":\"Hjem\",\"item\":\"https:\\\/\\\/fluktsekk.no\\\/sv\\\/\"},{\"@type\":\"ListItem\",\"position\":2,\"name\":\"Integritetspolicy\"}]},{\"@type\":\"WebSite\",\"@id\":\"https:\\\/\\\/fluktsekk.no\\\/sv\\\/#website\",\"url\":\"https:\\\/\\\/fluktsekk.no\\\/sv\\\/\",\"name\":\"Bug Out Bag - Friluftsliv - Fluktsekk.no\",\"description\":\"\",\"potentialAction\":[{\"@type\":\"SearchAction\",\"target\":{\"@type\":\"EntryPoint\",\"urlTemplate\":\"https:\\\/\\\/fluktsekk.no\\\/sv\\\/?s={search_term_string}\"},\"query-input\":{\"@type\":\"PropertyValueSpecification\",\"valueRequired\":true,\"valueName\":\"search_term_string\"}}],\"inLanguage\":\"sv-SE\"}]}<\/script>\n<!-- \/ Yoast SEO plugin. -->","yoast_head_json":{"title":"Integritetspolicy - Bug Out Bag - Friluftsliv - Fluktsekk.no","robots":{"index":"index","follow":"follow","max-snippet":"max-snippet:-1","max-image-preview":"max-image-preview:large","max-video-preview":"max-video-preview:-1"},"canonical":"https:\/\/fluktsekk.no\/sv\/integritetspolicy\/","og_locale":"sv_SE","og_type":"article","og_title":"Integritetspolicy - Bug Out Bag - Friluftsliv - Fluktsekk.no","og_description":"Integritetspolicy Hur hanteras mina personuppgifter? Handelshage AS ansvarar f\u00f6r att behandlingen av dina personuppgifter sker i enlighet med g\u00e4llande integritetsbest\u00e4mmelser. Vi vill se till att du f\u00e5r en optimal shoppingupplevelse hos oss. H\u00e4r hittar du en \u00f6versikt \u00f6ver hur vi behandlar dina personuppgifter i enlighet med personuppgiftslagen och EU:s f\u00f6rordning 2016\/679 (General Data Protection Regulation, [&hellip;]","og_url":"https:\/\/fluktsekk.no\/sv\/integritetspolicy\/","og_site_name":"Bug Out Bag - Friluftsliv - Fluktsekk.no","article_modified_time":"2024-06-05T20:55:23+00:00","twitter_card":"summary_large_image","twitter_misc":{"Ber\u00e4knad l\u00e4stid":"7 minuter"},"schema":{"@context":"https:\/\/schema.org","@graph":[{"@type":"WebPage","@id":"https:\/\/fluktsekk.no\/sv\/integritetspolicy\/","url":"https:\/\/fluktsekk.no\/sv\/integritetspolicy\/","name":"Integritetspolicy - Bug Out Bag - Friluftsliv - Fluktsekk.no","isPartOf":{"@id":"https:\/\/fluktsekk.no\/sv\/#website"},"datePublished":"2024-05-17T13:28:21+00:00","dateModified":"2024-06-05T20:55:23+00:00","breadcrumb":{"@id":"https:\/\/fluktsekk.no\/sv\/integritetspolicy\/#breadcrumb"},"inLanguage":"sv-SE","potentialAction":[{"@type":"ReadAction","target":["https:\/\/fluktsekk.no\/sv\/integritetspolicy\/"]}]},{"@type":"BreadcrumbList","@id":"https:\/\/fluktsekk.no\/sv\/integritetspolicy\/#breadcrumb","itemListElement":[{"@type":"ListItem","position":1,"name":"Hjem","item":"https:\/\/fluktsekk.no\/sv\/"},{"@type":"ListItem","position":2,"name":"Integritetspolicy"}]},{"@type":"WebSite","@id":"https:\/\/fluktsekk.no\/sv\/#website","url":"https:\/\/fluktsekk.no\/sv\/","name":"Bug Out Bag - Friluftsliv - Fluktsekk.no","description":"","potentialAction":[{"@type":"SearchAction","target":{"@type":"EntryPoint","urlTemplate":"https:\/\/fluktsekk.no\/sv\/?s={search_term_string}"},"query-input":{"@type":"PropertyValueSpecification","valueRequired":true,"valueName":"search_term_string"}}],"inLanguage":"sv-SE"}]}},"_links":{"self":[{"href":"https:\/\/fluktsekk.no\/sv\/wp-json\/wp\/v2\/pages\/5736","targetHints":{"allow":["GET"]}}],"collection":[{"href":"https:\/\/fluktsekk.no\/sv\/wp-json\/wp\/v2\/pages"}],"about":[{"href":"https:\/\/fluktsekk.no\/sv\/wp-json\/wp\/v2\/types\/page"}],"author":[{"embeddable":true,"href":"https:\/\/fluktsekk.no\/sv\/wp-json\/wp\/v2\/users\/1"}],"replies":[{"embeddable":true,"href":"https:\/\/fluktsekk.no\/sv\/wp-json\/wp\/v2\/comments?post=5736"}],"version-history":[{"count":1,"href":"https:\/\/fluktsekk.no\/sv\/wp-json\/wp\/v2\/pages\/5736\/revisions"}],"predecessor-version":[{"id":5737,"href":"https:\/\/fluktsekk.no\/sv\/wp-json\/wp\/v2\/pages\/5736\/revisions\/5737"}],"wp:attachment":[{"href":"https:\/\/fluktsekk.no\/sv\/wp-json\/wp\/v2\/media?parent=5736"}],"curies":[{"name":"wp","href":"https:\/\/api.w.org\/{rel}","templated":true}]}}