{"id":5726,"date":"2024-06-05T11:10:04","date_gmt":"2024-06-05T09:10:04","guid":{"rendered":"https:\/\/fluktsekk.no\/frakt-och-returer\/"},"modified":"2024-06-06T13:54:29","modified_gmt":"2024-06-06T11:54:29","slug":"frakt-och-returer","status":"publish","type":"page","link":"https:\/\/fluktsekk.no\/sv\/frakt-och-returer\/","title":{"rendered":"Frakt och returer"},"content":{"rendered":"\t\t<div data-elementor-type=\"wp-page\" data-elementor-id=\"5726\" class=\"elementor elementor-5726 elementor-4958\" data-elementor-post-type=\"page\">\n\t\t\t\t<div class=\"elementor-element elementor-element-4b492b88 e-flex e-con-boxed e-con e-parent\" data-id=\"4b492b88\" data-element_type=\"container\" data-e-type=\"container\">\n\t\t\t\t\t<div class=\"e-con-inner\">\n\t\t\t\t<div class=\"elementor-element elementor-element-effe788 elementor-widget elementor-widget-spacer\" data-id=\"effe788\" data-element_type=\"widget\" data-e-type=\"widget\" data-widget_type=\"spacer.default\">\n\t\t\t\t<div class=\"elementor-widget-container\">\n\t\t\t\t\t\t\t<div class=\"elementor-spacer\">\n\t\t\t<div class=\"elementor-spacer-inner\"><\/div>\n\t\t<\/div>\n\t\t\t\t\t\t<\/div>\n\t\t\t\t<\/div>\n\t\t\t\t<div class=\"elementor-element elementor-element-227ec891 elementor-widget elementor-widget-text-editor\" data-id=\"227ec891\" data-element_type=\"widget\" data-e-type=\"widget\" data-widget_type=\"text-editor.default\">\n\t\t\t\t<div class=\"elementor-widget-container\">\n\t\t\t\t\t\t\t\t\t<p><\/p>\n<div class=\"flex flex-grow flex-col max-w-full\">\n<div class=\"min-h-[20px] text-message flex flex-col items-start whitespace-pre-wrap break-words [.text-message+&amp;]:mt-5 juice:w-full juice:items-end overflow-x-auto gap-3\" dir=\"auto\" data-message-author-role=\"assistant\" data-message-id=\"5a7a5c77-c507-49f9-b9b0-2528cb4a3081\">\n<div class=\"markdown prose w-full break-words dark:prose-invert light\">\n<h3>Information om frakt och returer<\/h3>\n<p>Tack f\u00f6r ditt intresse f\u00f6r v\u00e5ra produkter p\u00e5 <a href=\"https:\/\/fluktsekk.no\/sv\/\" target=\"_new\" rel=\"noreferrer\">fluktsekk.no<\/a>. Vi vill att dina k\u00f6p hos oss ska vara s\u00e5 bekv\u00e4ma och trygga som m\u00f6jligt. Nedan hittar du detaljerad information om frakt, returer och reklamationer.<\/p>\n<h4>Frakt<\/h4>\n<ul>\n<li><strong>Dagliga leveranser<\/strong>: Alla best\u00e4llningar skickas dagligen p\u00e5 vardagar fr\u00e5n H\u00f8vik, som ligger 5 km fr\u00e5n Oslo. Detta inneb\u00e4r att best\u00e4llningar som g\u00f6rs m\u00e5ndag till fredag skickas inom 24 timmar efter att de gjorts.<\/li>\n<li><strong>Fraktkostnader i Norge<\/strong>: Fraktkostnaden f\u00f6r en upps\u00e4ttning ryggs\u00e4ckar \u00e4r 149 NOK. Vid best\u00e4llning av flera produkter kan fraktkostnaden komma att \u00e4ndras och visas i kassan.<\/li>\n<li><strong>Fraktkostnader till Sverige och Finland<\/strong>: Fraktkostnaden f\u00f6r en ryggs\u00e4ck till Sverige och Finland \u00e4r 650 kr.<\/li>\n<li><strong>Leveransmetod<\/strong>: Alla v\u00e5ra f\u00f6rs\u00e4ndelser skickas via post. P\u00e5 s\u00e5 s\u00e4tt kan vi se till att dina best\u00e4llningar kommer fram s\u00e4kert och i tid.<\/li>\n<li><strong>Leveranstid<\/strong> f\u00f6r paketet: Standardleveranstid i Norge \u00e4r 2 till 5 arbetsdagar, beroende p\u00e5 plats. Leveranser till Sverige och Finland kan ta 5 till 10 arbetsdagar.<\/li>\n<li><strong>Pris och moms<\/strong>: Priset p\u00e5 ryggs\u00e4ckar med frakt till Norge inkluderar 25% moms. Vid leverans till Sverige och Finland anges priset utan moms.<\/li>\n<\/ul>\n<h4>Returer och reklamationer<\/h4>\n<ul>\n<li>R\u00e4tt att <strong>returnera<\/strong>: Enligt norsk konsumentlagstiftning har du r\u00e4tt att returnera k\u00f6pta produkter inom 14 dagar efter mottagandet. Produkterna m\u00e5ste vara oanv\u00e4nda och i sin originalf\u00f6rpackning.<\/li>\n<li><strong>Returf\u00f6rfarande<\/strong>: F\u00f6r att returnera en produkt, v\u00e4nligen kontakta v\u00e5r kundtj\u00e4nst som kommer att ge dig detaljerade instruktioner om returprocessen. N\u00e4r vi har mottagit den returnerade produkten \u00e5terbetalar vi hela ink\u00f6pspriset.<\/li>\n<li><strong>Klagom\u00e5l<\/strong> och reklamationer: Om du har f\u00e5tt en defekt eller skadad produkt, v\u00e4nligen kontakta v\u00e5r kundtj\u00e4nst omedelbart. Om reklamationen godk\u00e4nns byter vi ut produkten eller \u00e5terbetalar dina pengar.<\/li>\n<li><strong>Norsk konsument<\/strong>lagstiftning: Alla v\u00e5ra retur- och reklamationsf\u00f6rfaranden \u00e4r i enlighet med g\u00e4llande norsk konsumentlagstiftning. Mer information om konsumentr\u00e4ttigheter i Norge finns p\u00e5 <a href=\"https:\/\/www.forbrukerradet.no\/\" target=\"_new\" rel=\"noreferrer\">Forbrukerr\u00e5det<\/a>.<\/li>\n<\/ul>\n<p>Vi v\u00e4lkomnar dig att handla hos oss och tackar f\u00f6r ditt f\u00f6rtroende! Om du har n\u00e5gra fr\u00e5gor eller beh\u00f6ver ytterligare information st\u00e5r v\u00e5r kundtj\u00e4nst till ditt f\u00f6rfogande.<\/p>\n<\/div>\n<\/div>\n<\/div>\t\t\t\t\t\t\t\t<\/div>\n\t\t\t\t<\/div>\n\t\t\t\t\t<\/div>\n\t\t\t\t<\/div>\n\t\t\t\t<\/div>\n\t\t","protected":false},"excerpt":{"rendered":"<p>Information om frakt och returer Tack f\u00f6r ditt intresse f\u00f6r v\u00e5ra produkter p\u00e5 fluktsekk.no. Vi vill att dina k\u00f6p hos oss ska vara s\u00e5 bekv\u00e4ma och trygga som m\u00f6jligt. Nedan hittar du detaljerad information om frakt, returer och reklamationer. Frakt Dagliga leveranser: Alla best\u00e4llningar skickas dagligen p\u00e5 vardagar fr\u00e5n H\u00f8vik, som ligger 5 km fr\u00e5n [&hellip;]<\/p>\n","protected":false},"author":1,"featured_media":0,"parent":0,"menu_order":0,"comment_status":"closed","ping_status":"closed","template":"","meta":{"footnotes":""},"class_list":["post-5726","page","type-page","status-publish","hentry"],"yoast_head":"<!-- This site is optimized with the Yoast SEO plugin v27.5 - https:\/\/yoast.com\/product\/yoast-seo-wordpress\/ -->\n<title>Frakt och returer - Bug Out Bag - Friluftsliv - Fluktsekk.no<\/title>\n<meta name=\"robots\" content=\"index, follow, max-snippet:-1, max-image-preview:large, max-video-preview:-1\" \/>\n<link rel=\"canonical\" href=\"https:\/\/fluktsekk.no\/sv\/frakt-och-returer\/\" \/>\n<meta property=\"og:locale\" content=\"sv_SE\" \/>\n<meta property=\"og:type\" content=\"article\" \/>\n<meta property=\"og:title\" content=\"Frakt och returer - Bug Out Bag - Friluftsliv - Fluktsekk.no\" \/>\n<meta property=\"og:description\" content=\"Information om frakt och returer Tack f\u00f6r ditt intresse f\u00f6r v\u00e5ra produkter p\u00e5 fluktsekk.no. Vi vill att dina k\u00f6p hos oss ska vara s\u00e5 bekv\u00e4ma och trygga som m\u00f6jligt. Nedan hittar du detaljerad information om frakt, returer och reklamationer. Frakt Dagliga leveranser: Alla best\u00e4llningar skickas dagligen p\u00e5 vardagar fr\u00e5n H\u00f8vik, som ligger 5 km fr\u00e5n [&hellip;]\" \/>\n<meta property=\"og:url\" content=\"https:\/\/fluktsekk.no\/sv\/frakt-och-returer\/\" \/>\n<meta property=\"og:site_name\" content=\"Bug Out Bag - Friluftsliv - Fluktsekk.no\" \/>\n<meta property=\"article:modified_time\" content=\"2024-06-06T11:54:29+00:00\" \/>\n<meta name=\"twitter:card\" content=\"summary_large_image\" \/>\n<meta name=\"twitter:label1\" content=\"Ber\u00e4knad l\u00e4stid\" \/>\n\t<meta name=\"twitter:data1\" content=\"2 minuter\" \/>\n<script type=\"application\/ld+json\" class=\"yoast-schema-graph\">{\"@context\":\"https:\\\/\\\/schema.org\",\"@graph\":[{\"@type\":\"WebPage\",\"@id\":\"https:\\\/\\\/fluktsekk.no\\\/sv\\\/frakt-och-returer\\\/\",\"url\":\"https:\\\/\\\/fluktsekk.no\\\/sv\\\/frakt-och-returer\\\/\",\"name\":\"Frakt och returer - Bug Out Bag - Friluftsliv - Fluktsekk.no\",\"isPartOf\":{\"@id\":\"https:\\\/\\\/fluktsekk.no\\\/sv\\\/#website\"},\"datePublished\":\"2024-06-05T09:10:04+00:00\",\"dateModified\":\"2024-06-06T11:54:29+00:00\",\"breadcrumb\":{\"@id\":\"https:\\\/\\\/fluktsekk.no\\\/sv\\\/frakt-och-returer\\\/#breadcrumb\"},\"inLanguage\":\"sv-SE\",\"potentialAction\":[{\"@type\":\"ReadAction\",\"target\":[\"https:\\\/\\\/fluktsekk.no\\\/sv\\\/frakt-och-returer\\\/\"]}]},{\"@type\":\"BreadcrumbList\",\"@id\":\"https:\\\/\\\/fluktsekk.no\\\/sv\\\/frakt-och-returer\\\/#breadcrumb\",\"itemListElement\":[{\"@type\":\"ListItem\",\"position\":1,\"name\":\"Hjem\",\"item\":\"https:\\\/\\\/fluktsekk.no\\\/sv\\\/\"},{\"@type\":\"ListItem\",\"position\":2,\"name\":\"Frakt och returer\"}]},{\"@type\":\"WebSite\",\"@id\":\"https:\\\/\\\/fluktsekk.no\\\/sv\\\/#website\",\"url\":\"https:\\\/\\\/fluktsekk.no\\\/sv\\\/\",\"name\":\"Bug Out Bag - Friluftsliv - Fluktsekk.no\",\"description\":\"\",\"potentialAction\":[{\"@type\":\"SearchAction\",\"target\":{\"@type\":\"EntryPoint\",\"urlTemplate\":\"https:\\\/\\\/fluktsekk.no\\\/sv\\\/?s={search_term_string}\"},\"query-input\":{\"@type\":\"PropertyValueSpecification\",\"valueRequired\":true,\"valueName\":\"search_term_string\"}}],\"inLanguage\":\"sv-SE\"}]}<\/script>\n<!-- \/ Yoast SEO plugin. -->","yoast_head_json":{"title":"Frakt och returer - Bug Out Bag - Friluftsliv - Fluktsekk.no","robots":{"index":"index","follow":"follow","max-snippet":"max-snippet:-1","max-image-preview":"max-image-preview:large","max-video-preview":"max-video-preview:-1"},"canonical":"https:\/\/fluktsekk.no\/sv\/frakt-och-returer\/","og_locale":"sv_SE","og_type":"article","og_title":"Frakt och returer - Bug Out Bag - Friluftsliv - Fluktsekk.no","og_description":"Information om frakt och returer Tack f\u00f6r ditt intresse f\u00f6r v\u00e5ra produkter p\u00e5 fluktsekk.no. Vi vill att dina k\u00f6p hos oss ska vara s\u00e5 bekv\u00e4ma och trygga som m\u00f6jligt. Nedan hittar du detaljerad information om frakt, returer och reklamationer. Frakt Dagliga leveranser: Alla best\u00e4llningar skickas dagligen p\u00e5 vardagar fr\u00e5n H\u00f8vik, som ligger 5 km fr\u00e5n [&hellip;]","og_url":"https:\/\/fluktsekk.no\/sv\/frakt-och-returer\/","og_site_name":"Bug Out Bag - Friluftsliv - Fluktsekk.no","article_modified_time":"2024-06-06T11:54:29+00:00","twitter_card":"summary_large_image","twitter_misc":{"Ber\u00e4knad l\u00e4stid":"2 minuter"},"schema":{"@context":"https:\/\/schema.org","@graph":[{"@type":"WebPage","@id":"https:\/\/fluktsekk.no\/sv\/frakt-och-returer\/","url":"https:\/\/fluktsekk.no\/sv\/frakt-och-returer\/","name":"Frakt och returer - Bug Out Bag - Friluftsliv - Fluktsekk.no","isPartOf":{"@id":"https:\/\/fluktsekk.no\/sv\/#website"},"datePublished":"2024-06-05T09:10:04+00:00","dateModified":"2024-06-06T11:54:29+00:00","breadcrumb":{"@id":"https:\/\/fluktsekk.no\/sv\/frakt-och-returer\/#breadcrumb"},"inLanguage":"sv-SE","potentialAction":[{"@type":"ReadAction","target":["https:\/\/fluktsekk.no\/sv\/frakt-och-returer\/"]}]},{"@type":"BreadcrumbList","@id":"https:\/\/fluktsekk.no\/sv\/frakt-och-returer\/#breadcrumb","itemListElement":[{"@type":"ListItem","position":1,"name":"Hjem","item":"https:\/\/fluktsekk.no\/sv\/"},{"@type":"ListItem","position":2,"name":"Frakt och returer"}]},{"@type":"WebSite","@id":"https:\/\/fluktsekk.no\/sv\/#website","url":"https:\/\/fluktsekk.no\/sv\/","name":"Bug Out Bag - Friluftsliv - Fluktsekk.no","description":"","potentialAction":[{"@type":"SearchAction","target":{"@type":"EntryPoint","urlTemplate":"https:\/\/fluktsekk.no\/sv\/?s={search_term_string}"},"query-input":{"@type":"PropertyValueSpecification","valueRequired":true,"valueName":"search_term_string"}}],"inLanguage":"sv-SE"}]}},"_links":{"self":[{"href":"https:\/\/fluktsekk.no\/sv\/wp-json\/wp\/v2\/pages\/5726","targetHints":{"allow":["GET"]}}],"collection":[{"href":"https:\/\/fluktsekk.no\/sv\/wp-json\/wp\/v2\/pages"}],"about":[{"href":"https:\/\/fluktsekk.no\/sv\/wp-json\/wp\/v2\/types\/page"}],"author":[{"embeddable":true,"href":"https:\/\/fluktsekk.no\/sv\/wp-json\/wp\/v2\/users\/1"}],"replies":[{"embeddable":true,"href":"https:\/\/fluktsekk.no\/sv\/wp-json\/wp\/v2\/comments?post=5726"}],"version-history":[{"count":3,"href":"https:\/\/fluktsekk.no\/sv\/wp-json\/wp\/v2\/pages\/5726\/revisions"}],"predecessor-version":[{"id":5729,"href":"https:\/\/fluktsekk.no\/sv\/wp-json\/wp\/v2\/pages\/5726\/revisions\/5729"}],"wp:attachment":[{"href":"https:\/\/fluktsekk.no\/sv\/wp-json\/wp\/v2\/media?parent=5726"}],"curies":[{"name":"wp","href":"https:\/\/api.w.org\/{rel}","templated":true}]}}