{"id":5831,"date":"2024-05-17T16:11:35","date_gmt":"2024-05-17T14:11:35","guid":{"rendered":"https:\/\/fluktsekk.no\/tietoa-meista\/"},"modified":"2024-06-07T11:19:53","modified_gmt":"2024-06-07T09:19:53","slug":"tietoa-meista","status":"publish","type":"page","link":"https:\/\/fluktsekk.no\/fi\/tietoa-meista\/","title":{"rendered":"Tietoa meist\u00e4"},"content":{"rendered":"\t\t<div data-elementor-type=\"wp-page\" data-elementor-id=\"5831\" class=\"elementor elementor-5831 elementor-3718\" data-elementor-post-type=\"page\">\n\t\t\t\t\t\t<section class=\"elementor-section elementor-top-section elementor-element elementor-element-5158b412 elementor-section-boxed elementor-section-height-default elementor-section-height-default\" data-id=\"5158b412\" data-element_type=\"section\" data-e-type=\"section\">\n\t\t\t\t\t\t<div class=\"elementor-container elementor-column-gap-default\">\n\t\t\t\t\t<div class=\"elementor-column elementor-col-33 elementor-top-column elementor-element elementor-element-11875c9\" data-id=\"11875c9\" data-element_type=\"column\" data-e-type=\"column\">\n\t\t\t<div class=\"elementor-widget-wrap elementor-element-populated\">\n\t\t\t\t\t\t<div class=\"elementor-element elementor-element-27d8ef86 elementor-widget elementor-widget-heading\" data-id=\"27d8ef86\" data-element_type=\"widget\" data-e-type=\"widget\" data-widget_type=\"heading.default\">\n\t\t\t\t<div class=\"elementor-widget-container\">\n\t\t\t\t\t<h2 class=\"elementor-heading-title elementor-size-default\">Tietoa meist\u00e4 - Fluktsekk<\/h2>\t\t\t\t<\/div>\n\t\t\t\t<\/div>\n\t\t\t\t<div class=\"elementor-element elementor-element-6c441c0 elementor-widget elementor-widget-text-editor\" data-id=\"6c441c0\" data-element_type=\"widget\" data-e-type=\"widget\" data-widget_type=\"text-editor.default\">\n\t\t\t\t<div class=\"elementor-widget-container\">\n\t\t\t\t\t\t\t\t\t<p>Handelshage AS perustettiin vuonna 2020, ja se on erikoistunut korkealaatuisten ammattituotteiden maahantuontiin. Toimimme Skandinavian markkinoilla ja myymme tuotteitamme <a href=\"https:\/\/fluktsekk.no\/?lang=fi\" target=\"_new\" rel=\"noreferrer\">Fluktsekk-verkkokaupan<\/a> kautta. Tilaukset k\u00e4sitell\u00e4\u00e4n p\u00e4ivitt\u00e4in ja l\u00e4hetet\u00e4\u00e4n Norjasta, 5 km:n p\u00e4\u00e4ss\u00e4 Oslosta sijaitsevasta yrityksest\u00e4mme. Tarjoamme tuotteitamme Norjassa, Ruotsissa ja Suomessa.<\/p>\n<p>Teht\u00e4v\u00e4mme on toimittaa luotettavia ja kest\u00e4vi\u00e4 tuotteita, jotka t\u00e4ytt\u00e4v\u00e4t vaativimpienkin asiakkaiden odotukset. Varmistamme, ett\u00e4 tuotteemme ovat toimivia, esteettisi\u00e4 ja kest\u00e4vi\u00e4, mik\u00e4 takaa niiden pitk\u00e4ik\u00e4isyyden ja asiakastyytyv\u00e4isyyden.<\/p>\n\t\t\t\t\t\t\t\t<\/div>\n\t\t\t\t<\/div>\n\t\t\t\t\t<\/div>\n\t\t<\/div>\n\t\t\t\t<div class=\"elementor-column elementor-col-66 elementor-top-column elementor-element elementor-element-4b2de284\" data-id=\"4b2de284\" data-element_type=\"column\" data-e-type=\"column\">\n\t\t\t<div class=\"elementor-widget-wrap elementor-element-populated\">\n\t\t\t\t\t\t<div class=\"elementor-element elementor-element-b88ecb6 elementor-widget elementor-widget-image\" data-id=\"b88ecb6\" data-element_type=\"widget\" data-e-type=\"widget\" data-widget_type=\"image.default\">\n\t\t\t\t<div class=\"elementor-widget-container\">\n\t\t\t\t\t\t\t\t\t\t\t\t\t\t\t<img fetchpriority=\"high\" decoding=\"async\" width=\"595\" height=\"397\" src=\"https:\/\/fluktsekk.no\/wp-content\/uploads\/2024\/05\/HELPBAG00045-595x397.jpg\" class=\"attachment-large size-large wp-image-5360\" alt=\"\" srcset=\"https:\/\/fluktsekk.no\/wp-content\/uploads\/2024\/05\/HELPBAG00045-595x397.jpg 595w, https:\/\/fluktsekk.no\/wp-content\/uploads\/2024\/05\/HELPBAG00045-350x233.jpg 350w, https:\/\/fluktsekk.no\/wp-content\/uploads\/2024\/05\/HELPBAG00045-150x100.jpg 150w, https:\/\/fluktsekk.no\/wp-content\/uploads\/2024\/05\/HELPBAG00045-768x512.jpg 768w, https:\/\/fluktsekk.no\/wp-content\/uploads\/2024\/05\/HELPBAG00045-1536x1024.jpg 1536w, https:\/\/fluktsekk.no\/wp-content\/uploads\/2024\/05\/HELPBAG00045-2048x1365.jpg 2048w, https:\/\/fluktsekk.no\/wp-content\/uploads\/2024\/05\/HELPBAG00045-450x300.jpg 450w\" sizes=\"(max-width: 595px) 100vw, 595px\" \/>\t\t\t\t\t\t\t\t\t\t\t\t\t\t\t<\/div>\n\t\t\t\t<\/div>\n\t\t\t\t\t<\/div>\n\t\t<\/div>\n\t\t\t\t\t<\/div>\n\t\t<\/section>\n\t\t\t\t<section class=\"elementor-section elementor-top-section elementor-element elementor-element-20315a4a elementor-section-boxed elementor-section-height-default elementor-section-height-default\" data-id=\"20315a4a\" data-element_type=\"section\" data-e-type=\"section\">\n\t\t\t\t\t\t<div class=\"elementor-container elementor-column-gap-default\">\n\t\t\t\t\t<div class=\"elementor-column elementor-col-50 elementor-top-column elementor-element elementor-element-484a593e\" data-id=\"484a593e\" data-element_type=\"column\" data-e-type=\"column\">\n\t\t\t<div class=\"elementor-widget-wrap elementor-element-populated\">\n\t\t\t\t\t\t<div class=\"elementor-element elementor-element-11dda67 elementor-widget elementor-widget-text-editor\" data-id=\"11dda67\" data-element_type=\"widget\" data-e-type=\"widget\" data-widget_type=\"text-editor.default\">\n\t\t\t\t<div class=\"elementor-widget-container\">\n\t\t\t\t\t\t\t\t\t<h3>Help Bag &#8211; Ole vastuullinen<\/h3>\n<p>Help Bagin taustalla on ajatus &#8221;Be Responsible&#8221;, joka tarkoittaa tietoista ja turvallista toimintaa vaaratilanteissa, eristyksiss\u00e4 tai h\u00e4t\u00e4evakuoinnissa. Uskomme, ett\u00e4 oikeanlainen valmistautuminen ja asenne auttavat sinua pysym\u00e4\u00e4n rauhallisena ja toimimaan turvallisesti \u00e4\u00e4rimm\u00e4isiss\u00e4kin tilanteissa. Juuri t\u00e4m\u00e4 vastuuntunto motivoi Help Bagia luomaan yhden markkinoiden parhaista evakuointipakkauksista.<\/p>\n<h3>Tietoja Help Bagista<\/h3>\n<p>Help Bag on yritys, joka keskittyy tuotteidensa luotettavuuteen ja kest\u00e4vyyteen ja valmistelee ne erilaisiin odottamattomiin tilanteisiin. Help Bagin tuotteet ovat seurausta intohimosta ja sitoutumisesta, ja niiden tavoitteena on varmistaa k\u00e4ytt\u00e4jien turvallisuus ja mielenrauha.<\/p>\n<h3>Miten Help Bag syntyi?<\/h3>\n<p>Help Bag on luotu pieness\u00e4 puolalaisessa ompelimossa kokeneiden suunnittelijoiden valvonnassa. Jokainen tuote suunnitellaan ja kootaan Puolassa, ja siin\u00e4 kiinnitet\u00e4\u00e4n erityist\u00e4 huomiota yksityiskohtiin.<\/p>\n<p>Help Bagin myym\u00e4t tuotteet on valmistettu alkuper\u00e4isest\u00e4 ja sertifioidusta CORDURA\u00ae-kankaasta. T\u00e4m\u00e4 on yksi markkinoiden kest\u00e4vimmist\u00e4 tekstiilimateriaaleista, jolle on ominaista poikkeuksellinen repeytymisen ja kulumisen kest\u00e4vyys. T\u00e4m\u00e4 tekee Help Bagin tuotteista k\u00e4yt\u00e4nn\u00f6ss\u00e4 tuhoutumattomia. Kest\u00e4v\u00e4t vetoketjut ja tukevat soljet ovat per\u00e4isin parhailta toimittajilta, mik\u00e4 takaa, ett\u00e4 repun, laukun tai moduulien sis\u00e4lt\u00f6 on turvassa kaikissa olosuhteissa.<\/p>\n<h3>Yhteisty\u00f6 Fluktsekkin kanssa<\/h3>\n<p>Help Bags -tuotteita, jotka ovat saatavilla yhteisty\u00f6ss\u00e4 Fluktsekk &#8211; Handelshage AS:n kanssa, tarjotaan Skandinavian markkinoilla, mik\u00e4 takaa korkean laadun ja houkuttelevat hinnat. Kun ostat Norjasta suoraan meilt\u00e4, v\u00e4ltyt arvonlis\u00e4veroon ja tullimaksuihin liittyvilt\u00e4 lis\u00e4kustannuksilta, joita voi aiheutua yksitt\u00e4isist\u00e4 ulkomailta tulevista tilauksista. T\u00e4m\u00e4 tekee Fluktsekkilt\u00e4 ostamisesta sek\u00e4 k\u00e4tev\u00e4\u00e4 ett\u00e4 kustannustehokasta.<\/p>\n\t\t\t\t\t\t\t\t<\/div>\n\t\t\t\t<\/div>\n\t\t\t\t<div class=\"elementor-element elementor-element-fc3d698 elementor-widget elementor-widget-text-editor\" data-id=\"fc3d698\" data-element_type=\"widget\" data-e-type=\"widget\" data-widget_type=\"text-editor.default\">\n\t\t\t\t<div class=\"elementor-widget-container\">\n\t\t\t\t\t\t\t\t\t<p>Olemme aina avoimia uusille yhteisty\u00f6mahdollisuuksille ja kumppanuuksille. Uskomme siihen, ett\u00e4 kasvun ja kehityksen edist\u00e4miseksi on t\u00e4rke\u00e4\u00e4 rakentaa vahvoja suhteita muihin yrityksiin ja yksityishenkil\u00f6ihin.<\/p>\n<p>Jos haluat lis\u00e4tietoja ja keskustella mahdollisista yhteisty\u00f6mahdollisuuksista, ota meihin yhteytt\u00e4 <a href=\"mailto:post@fluktsekk.no\">post@fluktsekk.no<\/a>.<\/p><\/p>\n\t\t\t\t\t\t\t\t<\/div>\n\t\t\t\t<\/div>\n\t\t\t\t\t<\/div>\n\t\t<\/div>\n\t\t\t\t<div class=\"elementor-column elementor-col-25 elementor-top-column elementor-element elementor-element-2058690d\" data-id=\"2058690d\" data-element_type=\"column\" data-e-type=\"column\">\n\t\t\t<div class=\"elementor-widget-wrap\">\n\t\t\t\t\t\t\t<\/div>\n\t\t<\/div>\n\t\t\t\t<div class=\"elementor-column elementor-col-25 elementor-top-column elementor-element elementor-element-43d90edd\" data-id=\"43d90edd\" data-element_type=\"column\" data-e-type=\"column\">\n\t\t\t<div class=\"elementor-widget-wrap elementor-element-populated\">\n\t\t\t\t\t\t<div class=\"elementor-element elementor-element-1c4d2456 elementor-widget elementor-widget-text-editor\" data-id=\"1c4d2456\" data-element_type=\"widget\" data-e-type=\"widget\" data-widget_type=\"text-editor.default\">\n\t\t\t\t<div class=\"elementor-widget-container\">\n\t\t\t\t\t\t\t\t\t<table style=\"font-weight: 600;\">\n<tbody>\n<tr>\n<td>Maanantai:<\/td>\n<td class=\"text-right\">10-19<\/td>\n<\/tr>\n<tr>\n<td>Tiistaina:<\/td>\n<td class=\"text-right\">10-19<\/td>\n<\/tr>\n<tr>\n<td>Keskiviikkona:<\/td>\n<td class=\"text-right\">10-19<\/td>\n<\/tr>\n<tr>\n<td>Torstaina:<\/td>\n<td class=\"text-right\">10-19<\/td>\n<\/tr>\n<tr>\n<td>Perjantai:<\/td>\n<td class=\"text-right\">10-19<\/td>\n<\/tr>\n<tr>\n<td>Lauantaina:<\/td>\n<td class=\"text-right\">10-18<\/td>\n<\/tr>\n<tr>\n<td>Sunnuntaina:<\/td>\n<td class=\"text-right\">Suljettu<\/td>\n<\/tr>\n<\/tbody>\n<\/table>\n\t\t\t\t\t\t\t\t<\/div>\n\t\t\t\t<\/div>\n\t\t\t\t<div class=\"elementor-element elementor-element-bf0945a elementor-widget elementor-widget-heading\" data-id=\"bf0945a\" data-element_type=\"widget\" data-e-type=\"widget\" data-widget_type=\"heading.default\">\n\t\t\t\t<div class=\"elementor-widget-container\">\n\t\t\t\t\t<h2 class=\"elementor-heading-title elementor-size-default\">Handelshage AS<\/h2>\t\t\t\t<\/div>\n\t\t\t\t<\/div>\n\t\t\t\t<div class=\"elementor-element elementor-element-f0d6c9f elementor-widget elementor-widget-text-editor\" data-id=\"f0d6c9f\" data-element_type=\"widget\" data-e-type=\"widget\" data-widget_type=\"text-editor.default\">\n\t\t\t\t<div class=\"elementor-widget-container\">\n\t\t\t\t\t\t\t\t\t<p>Ramstadsletta 24, 1363 H\u00f8vik, Norja<br \/>S\u00e4hk\u00f6posti: <a href=\"mailto:post@fluktsekk.no\">post@fluktsekk.no<\/a><br \/>Org. nr. 92548059 MVA<\/p>\n\t\t\t\t\t\t\t\t<\/div>\n\t\t\t\t<\/div>\n\t\t\t\t<div class=\"elementor-element elementor-element-3a85e12 elementor-widget elementor-widget-text-editor\" data-id=\"3a85e12\" data-element_type=\"widget\" data-e-type=\"widget\" data-widget_type=\"text-editor.default\">\n\t\t\t\t<div class=\"elementor-widget-container\">\n\t\t\t\t\t\t\t\t\t<p>T\u00e4ll\u00e4 hetkell\u00e4 myymme tuotteita vain verkossa, mutta haluaisimme mielell\u00e4mme esitell\u00e4 niit\u00e4 my\u00f6s oikeassa el\u00e4m\u00e4ss\u00e4. J\u00e4rjest\u00e4 esittely kanssamme.<\/p>\n\t\t\t\t\t\t\t\t<\/div>\n\t\t\t\t<\/div>\n\t\t\t\t\t<\/div>\n\t\t<\/div>\n\t\t\t\t\t<\/div>\n\t\t<\/section>\n\t\t\t\t<\/div>\n\t\t","protected":false},"excerpt":{"rendered":"<p>Tietoa meist\u00e4 &#8211; Fluktsekk Handelshage AS perustettiin vuonna 2020, ja se on erikoistunut korkealaatuisten ammattituotteiden maahantuontiin. Toimimme Skandinavian markkinoilla ja myymme tuotteitamme Fluktsekk-verkkokaupan kautta. Tilaukset k\u00e4sitell\u00e4\u00e4n p\u00e4ivitt\u00e4in ja l\u00e4hetet\u00e4\u00e4n Norjasta, 5 km:n p\u00e4\u00e4ss\u00e4 Oslosta sijaitsevasta yrityksest\u00e4mme. Tarjoamme tuotteitamme Norjassa, Ruotsissa ja Suomessa. Teht\u00e4v\u00e4mme on toimittaa luotettavia ja kest\u00e4vi\u00e4 tuotteita, jotka t\u00e4ytt\u00e4v\u00e4t vaativimpienkin asiakkaiden odotukset. Varmistamme, [&hellip;]<\/p>\n","protected":false},"author":1,"featured_media":0,"parent":0,"menu_order":0,"comment_status":"closed","ping_status":"closed","template":"","meta":{"footnotes":""},"class_list":["post-5831","page","type-page","status-publish","hentry"],"yoast_head":"<!-- This site is optimized with the Yoast SEO plugin v27.5 - https:\/\/yoast.com\/product\/yoast-seo-wordpress\/ -->\n<title>Tietoa meist\u00e4 - Bug Out Bag - Friluftsliv - Fluktsekk.no<\/title>\n<meta name=\"robots\" content=\"index, follow, max-snippet:-1, max-image-preview:large, max-video-preview:-1\" \/>\n<link rel=\"canonical\" href=\"https:\/\/fluktsekk.no\/fi\/tietoa-meista\/\" \/>\n<meta property=\"og:locale\" content=\"fi_FI\" \/>\n<meta property=\"og:type\" content=\"article\" \/>\n<meta property=\"og:title\" content=\"Tietoa meist\u00e4 - Bug Out Bag - Friluftsliv - Fluktsekk.no\" \/>\n<meta property=\"og:description\" content=\"Tietoa meist\u00e4 &#8211; Fluktsekk Handelshage AS perustettiin vuonna 2020, ja se on erikoistunut korkealaatuisten ammattituotteiden maahantuontiin. Toimimme Skandinavian markkinoilla ja myymme tuotteitamme Fluktsekk-verkkokaupan kautta. Tilaukset k\u00e4sitell\u00e4\u00e4n p\u00e4ivitt\u00e4in ja l\u00e4hetet\u00e4\u00e4n Norjasta, 5 km:n p\u00e4\u00e4ss\u00e4 Oslosta sijaitsevasta yrityksest\u00e4mme. Tarjoamme tuotteitamme Norjassa, Ruotsissa ja Suomessa. Teht\u00e4v\u00e4mme on toimittaa luotettavia ja kest\u00e4vi\u00e4 tuotteita, jotka t\u00e4ytt\u00e4v\u00e4t vaativimpienkin asiakkaiden odotukset. Varmistamme, [&hellip;]\" \/>\n<meta property=\"og:url\" content=\"https:\/\/fluktsekk.no\/fi\/tietoa-meista\/\" \/>\n<meta property=\"og:site_name\" content=\"Bug Out Bag - Friluftsliv - Fluktsekk.no\" \/>\n<meta property=\"article:modified_time\" content=\"2024-06-07T09:19:53+00:00\" \/>\n<meta property=\"og:image\" content=\"https:\/\/fluktsekk.no\/wp-content\/uploads\/2024\/05\/HELPBAG00045-595x397.jpg\" \/>\n<meta name=\"twitter:card\" content=\"summary_large_image\" \/>\n<meta name=\"twitter:label1\" content=\"Arvioitu lukuaika\" \/>\n\t<meta name=\"twitter:data1\" content=\"2 minuuttia\" \/>\n<script type=\"application\/ld+json\" class=\"yoast-schema-graph\">{\"@context\":\"https:\\\/\\\/schema.org\",\"@graph\":[{\"@type\":\"WebPage\",\"@id\":\"https:\\\/\\\/fluktsekk.no\\\/fi\\\/tietoa-meista\\\/\",\"url\":\"https:\\\/\\\/fluktsekk.no\\\/fi\\\/tietoa-meista\\\/\",\"name\":\"Tietoa meist\u00e4 - Bug Out Bag - Friluftsliv - Fluktsekk.no\",\"isPartOf\":{\"@id\":\"https:\\\/\\\/fluktsekk.no\\\/fi\\\/#website\"},\"primaryImageOfPage\":{\"@id\":\"https:\\\/\\\/fluktsekk.no\\\/fi\\\/tietoa-meista\\\/#primaryimage\"},\"image\":{\"@id\":\"https:\\\/\\\/fluktsekk.no\\\/fi\\\/tietoa-meista\\\/#primaryimage\"},\"thumbnailUrl\":\"https:\\\/\\\/fluktsekk.no\\\/wp-content\\\/uploads\\\/2024\\\/05\\\/HELPBAG00045-595x397.jpg\",\"datePublished\":\"2024-05-17T14:11:35+00:00\",\"dateModified\":\"2024-06-07T09:19:53+00:00\",\"breadcrumb\":{\"@id\":\"https:\\\/\\\/fluktsekk.no\\\/fi\\\/tietoa-meista\\\/#breadcrumb\"},\"inLanguage\":\"fi\",\"potentialAction\":[{\"@type\":\"ReadAction\",\"target\":[\"https:\\\/\\\/fluktsekk.no\\\/fi\\\/tietoa-meista\\\/\"]}]},{\"@type\":\"ImageObject\",\"inLanguage\":\"fi\",\"@id\":\"https:\\\/\\\/fluktsekk.no\\\/fi\\\/tietoa-meista\\\/#primaryimage\",\"url\":\"https:\\\/\\\/fluktsekk.no\\\/wp-content\\\/uploads\\\/2024\\\/05\\\/HELPBAG00045-595x397.jpg\",\"contentUrl\":\"https:\\\/\\\/fluktsekk.no\\\/wp-content\\\/uploads\\\/2024\\\/05\\\/HELPBAG00045-595x397.jpg\"},{\"@type\":\"BreadcrumbList\",\"@id\":\"https:\\\/\\\/fluktsekk.no\\\/fi\\\/tietoa-meista\\\/#breadcrumb\",\"itemListElement\":[{\"@type\":\"ListItem\",\"position\":1,\"name\":\"Hjem\",\"item\":\"https:\\\/\\\/fluktsekk.no\\\/fi\\\/\"},{\"@type\":\"ListItem\",\"position\":2,\"name\":\"Tietoa meist\u00e4\"}]},{\"@type\":\"WebSite\",\"@id\":\"https:\\\/\\\/fluktsekk.no\\\/fi\\\/#website\",\"url\":\"https:\\\/\\\/fluktsekk.no\\\/fi\\\/\",\"name\":\"Bug Out Bag - Friluftsliv - Fluktsekk.no\",\"description\":\"\",\"potentialAction\":[{\"@type\":\"SearchAction\",\"target\":{\"@type\":\"EntryPoint\",\"urlTemplate\":\"https:\\\/\\\/fluktsekk.no\\\/fi\\\/?s={search_term_string}\"},\"query-input\":{\"@type\":\"PropertyValueSpecification\",\"valueRequired\":true,\"valueName\":\"search_term_string\"}}],\"inLanguage\":\"fi\"}]}<\/script>\n<!-- \/ Yoast SEO plugin. -->","yoast_head_json":{"title":"Tietoa meist\u00e4 - Bug Out Bag - Friluftsliv - Fluktsekk.no","robots":{"index":"index","follow":"follow","max-snippet":"max-snippet:-1","max-image-preview":"max-image-preview:large","max-video-preview":"max-video-preview:-1"},"canonical":"https:\/\/fluktsekk.no\/fi\/tietoa-meista\/","og_locale":"fi_FI","og_type":"article","og_title":"Tietoa meist\u00e4 - Bug Out Bag - Friluftsliv - Fluktsekk.no","og_description":"Tietoa meist\u00e4 &#8211; Fluktsekk Handelshage AS perustettiin vuonna 2020, ja se on erikoistunut korkealaatuisten ammattituotteiden maahantuontiin. Toimimme Skandinavian markkinoilla ja myymme tuotteitamme Fluktsekk-verkkokaupan kautta. Tilaukset k\u00e4sitell\u00e4\u00e4n p\u00e4ivitt\u00e4in ja l\u00e4hetet\u00e4\u00e4n Norjasta, 5 km:n p\u00e4\u00e4ss\u00e4 Oslosta sijaitsevasta yrityksest\u00e4mme. Tarjoamme tuotteitamme Norjassa, Ruotsissa ja Suomessa. Teht\u00e4v\u00e4mme on toimittaa luotettavia ja kest\u00e4vi\u00e4 tuotteita, jotka t\u00e4ytt\u00e4v\u00e4t vaativimpienkin asiakkaiden odotukset. Varmistamme, [&hellip;]","og_url":"https:\/\/fluktsekk.no\/fi\/tietoa-meista\/","og_site_name":"Bug Out Bag - Friluftsliv - Fluktsekk.no","article_modified_time":"2024-06-07T09:19:53+00:00","og_image":[{"url":"https:\/\/fluktsekk.no\/wp-content\/uploads\/2024\/05\/HELPBAG00045-595x397.jpg","type":"","width":"","height":""}],"twitter_card":"summary_large_image","twitter_misc":{"Arvioitu lukuaika":"2 minuuttia"},"schema":{"@context":"https:\/\/schema.org","@graph":[{"@type":"WebPage","@id":"https:\/\/fluktsekk.no\/fi\/tietoa-meista\/","url":"https:\/\/fluktsekk.no\/fi\/tietoa-meista\/","name":"Tietoa meist\u00e4 - Bug Out Bag - Friluftsliv - Fluktsekk.no","isPartOf":{"@id":"https:\/\/fluktsekk.no\/fi\/#website"},"primaryImageOfPage":{"@id":"https:\/\/fluktsekk.no\/fi\/tietoa-meista\/#primaryimage"},"image":{"@id":"https:\/\/fluktsekk.no\/fi\/tietoa-meista\/#primaryimage"},"thumbnailUrl":"https:\/\/fluktsekk.no\/wp-content\/uploads\/2024\/05\/HELPBAG00045-595x397.jpg","datePublished":"2024-05-17T14:11:35+00:00","dateModified":"2024-06-07T09:19:53+00:00","breadcrumb":{"@id":"https:\/\/fluktsekk.no\/fi\/tietoa-meista\/#breadcrumb"},"inLanguage":"fi","potentialAction":[{"@type":"ReadAction","target":["https:\/\/fluktsekk.no\/fi\/tietoa-meista\/"]}]},{"@type":"ImageObject","inLanguage":"fi","@id":"https:\/\/fluktsekk.no\/fi\/tietoa-meista\/#primaryimage","url":"https:\/\/fluktsekk.no\/wp-content\/uploads\/2024\/05\/HELPBAG00045-595x397.jpg","contentUrl":"https:\/\/fluktsekk.no\/wp-content\/uploads\/2024\/05\/HELPBAG00045-595x397.jpg"},{"@type":"BreadcrumbList","@id":"https:\/\/fluktsekk.no\/fi\/tietoa-meista\/#breadcrumb","itemListElement":[{"@type":"ListItem","position":1,"name":"Hjem","item":"https:\/\/fluktsekk.no\/fi\/"},{"@type":"ListItem","position":2,"name":"Tietoa meist\u00e4"}]},{"@type":"WebSite","@id":"https:\/\/fluktsekk.no\/fi\/#website","url":"https:\/\/fluktsekk.no\/fi\/","name":"Bug Out Bag - Friluftsliv - Fluktsekk.no","description":"","potentialAction":[{"@type":"SearchAction","target":{"@type":"EntryPoint","urlTemplate":"https:\/\/fluktsekk.no\/fi\/?s={search_term_string}"},"query-input":{"@type":"PropertyValueSpecification","valueRequired":true,"valueName":"search_term_string"}}],"inLanguage":"fi"}]}},"_links":{"self":[{"href":"https:\/\/fluktsekk.no\/fi\/wp-json\/wp\/v2\/pages\/5831","targetHints":{"allow":["GET"]}}],"collection":[{"href":"https:\/\/fluktsekk.no\/fi\/wp-json\/wp\/v2\/pages"}],"about":[{"href":"https:\/\/fluktsekk.no\/fi\/wp-json\/wp\/v2\/types\/page"}],"author":[{"embeddable":true,"href":"https:\/\/fluktsekk.no\/fi\/wp-json\/wp\/v2\/users\/1"}],"replies":[{"embeddable":true,"href":"https:\/\/fluktsekk.no\/fi\/wp-json\/wp\/v2\/comments?post=5831"}],"version-history":[{"count":2,"href":"https:\/\/fluktsekk.no\/fi\/wp-json\/wp\/v2\/pages\/5831\/revisions"}],"predecessor-version":[{"id":5862,"href":"https:\/\/fluktsekk.no\/fi\/wp-json\/wp\/v2\/pages\/5831\/revisions\/5862"}],"wp:attachment":[{"href":"https:\/\/fluktsekk.no\/fi\/wp-json\/wp\/v2\/media?parent=5831"}],"curies":[{"name":"wp","href":"https:\/\/api.w.org\/{rel}","templated":true}]}}