{"id":5734,"date":"2024-05-17T15:28:21","date_gmt":"2024-05-17T13:28:21","guid":{"rendered":"https:\/\/fluktsekk.no\/tietosuojakaytanto\/"},"modified":"2024-06-05T22:54:55","modified_gmt":"2024-06-05T20:54:55","slug":"tietosuojakaytanto","status":"publish","type":"page","link":"https:\/\/fluktsekk.no\/fi\/tietosuojakaytanto\/","title":{"rendered":"Tietosuojak\u00e4yt\u00e4nt\u00f6"},"content":{"rendered":"\t\t<div data-elementor-type=\"wp-page\" data-elementor-id=\"5734\" class=\"elementor elementor-5734 elementor-3\" data-elementor-post-type=\"page\">\n\t\t\t\t<div class=\"elementor-element elementor-element-39499bbe e-flex e-con-boxed e-con e-parent\" data-id=\"39499bbe\" data-element_type=\"container\" data-e-type=\"container\">\n\t\t\t\t\t<div class=\"e-con-inner\">\n\t\t\t\t<div class=\"elementor-element elementor-element-6a96f00a elementor-widget elementor-widget-text-editor\" data-id=\"6a96f00a\" data-element_type=\"widget\" data-e-type=\"widget\" data-widget_type=\"text-editor.default\">\n\t\t\t\t<div class=\"elementor-widget-container\">\n\t\t\t\t\t\t\t\t\t<h2><b>Tietosuojak\u00e4yt\u00e4nt\u00f6<\/b><\/h2>\n<h4><strong>Miten henkil\u00f6tietojani k\u00e4sitell\u00e4\u00e4n?<\/strong><\/h4>\n<p>Handelshage AS on vastuussa henkil\u00f6tietojesi k\u00e4sittelyst\u00e4 sovellettavien tietosuojas\u00e4\u00e4nn\u00f6sten mukaisesti. Haluamme varmistaa, ett\u00e4 sinulla on optimaalinen ostokokemus kanssamme. T\u00e4\u00e4lt\u00e4 l\u00f6yd\u00e4t yleiskatsauksen siit\u00e4, miten k\u00e4sittelemme henkil\u00f6tietojasi henkil\u00f6tietolain ja EU:n asetuksen 2016\/679 (yleinen tietosuoja-asetus, j\u00e4ljemp\u00e4n\u00e4 &#8221;GDPR&#8221;) mukaisesti.<\/p>\n<h4><strong>N\u00e4it\u00e4 henkil\u00f6tietoja k\u00e4sittelemme:<\/strong><\/h4>\n<p>&#8211; Henkil\u00f6tietosi, jotka annat, kun liityt j\u00e4seneksi ja p\u00e4ivit\u00e4t profiiliasi, kuten nimi, matkapuhelinnumero, s\u00e4hk\u00f6postiosoite, syntym\u00e4aika jne. Meille antamiasi tietoja voidaan my\u00f6s t\u00e4ydent\u00e4\u00e4 hakupalveluiden tai sosiaalisen median kautta, jos annat meille p\u00e4\u00e4syn n\u00e4ihin tietoihin.<br>&#8211; Tietoa ostoksista ja bonuspisteiden ansaitsemisesta j\u00e4senyytt\u00e4si k\u00e4ytt\u00e4ess\u00e4si.<br>&#8211; Tiedot siit\u00e4, mit\u00e4 s\u00e4hk\u00f6posteja avaat ja klikkaat.<br>&#8211; Tiedot, jotka annat meille asiakaspalvelumme kautta.<br>&#8211; Ev\u00e4steiden avulla saadut tiedot (ks. erillinen kohta j\u00e4ljemp\u00e4n\u00e4).<\/p>\n<h4><strong>Mihin henkil\u00f6tietojani k\u00e4ytet\u00e4\u00e4n?<\/strong><\/h4>\n<p>Antamalla meille henkil\u00f6tietojasi annat suostumuksesi siihen, ett\u00e4 k\u00e4yt\u00e4mme tietojasi tarjoamalla odottamaasi palvelua, kuten j\u00e4ljemp\u00e4n\u00e4 on tarkemmin m\u00e4\u00e4ritelty.<\/p>\n<h4><strong>K\u00e4yt\u00e4mme henkil\u00f6tietojasi seuraaviin tarkoituksiin:<\/strong><\/h4>\n<p>&#8211; Henkil\u00f6kohtaisen k\u00e4ytt\u00e4j\u00e4tilisi ja kanta-asiakasohjelman j\u00e4senyytesi luominen ja hallinnointi.<br>&#8211; Voidaksemme my\u00f6nt\u00e4\u00e4 bonuspisteit\u00e4, bonusshekkej\u00e4 ja ottaa sinuun yhteytt\u00e4 j\u00e4senyytesi yhteydess\u00e4.<br>&#8211; Tarjotaksemme sinulle asianmukaista sis\u00e4lt\u00f6\u00e4, viestint\u00e4\u00e4 ja tarjouksia automaattisen profiloinnin ja arvioinnin avulla. Profilointi tarkoittaa henkil\u00f6tietojen ja ostohistorian analysointia, jotta voidaan ymm\u00e4rt\u00e4\u00e4 k\u00e4ytt\u00e4ytymist\u00e4si, mieltymyksi\u00e4si, taitojasi tai tarpeitasi asiakkaana.<br>&#8211; Voidaksemme auttaa sinua parhaalla mahdollisella tavalla, kun otat meihin yhteytt\u00e4.<br>&#8211; N\u00e4ytt\u00e4\u00e4 merkityksellisempi\u00e4 mainoksia digitaalisissa kanavissa, my\u00f6s sosiaalisessa mediassa.<br>&#8211; Ilmoittaaksemme sinulle palveluista, jotka parantavat ostokokemustasi kanssamme, kuten uusista yhteisty\u00f6kumppaneista, maksuratkaisuista tai muista palveluista, joita voit halutessasi k\u00e4ytt\u00e4\u00e4 tai olla k\u00e4ytt\u00e4m\u00e4tt\u00e4.<\/p>\n<h4><strong>Henkil\u00f6tietojeni jakaminen<\/strong><\/h4>\n<p>Jaamme henkil\u00f6tietojasi toimittajillemme asiakaspalvelun, viestint\u00e4palvelujen, mainonnan ja teknisen tuen alalla. N\u00e4m\u00e4 toimittajat tarvitsevat tietoja voidakseen tarjota meille palveluja j\u00e4senyyssopimuksissa vahvistettujen ehtojen mukaisesti.<\/p>\n<p>Jotta voimme tarjota Vipps- ja Stripe-maksutapoja, meid\u00e4n on jaettava tiettyj\u00e4 tietoja sinusta Vippsin ja Stripen kanssa.<\/p>\n<h4><strong>N\u00e4iden tietojen k\u00e4ytt\u00f6\u00e4 s\u00e4\u00e4nnell\u00e4\u00e4n sovellettavan tietosuojalains\u00e4\u00e4d\u00e4nn\u00f6n mukaisesti:<\/strong><\/h4>\n<p>&#8211; Vipps:<a href=\"https:\/\/vipps.no\/personvern-og-vilkar\/\">[Linkki Vippsin tietosuojak\u00e4yt\u00e4nt\u00f6\u00f6n<\/a>]<br>&#8211; Raita:<a href=\"https:\/\/stripe.com\/en-no\/legal\/privacy-center\">[Linkki Stripen tietosuojak\u00e4yt\u00e4nt\u00f6\u00f6n<\/a>]<\/p>\n<h4><strong>Miss\u00e4 henkil\u00f6tietojani s\u00e4ilytet\u00e4\u00e4n?<\/strong><\/h4>\n<p>Kaikki henkil\u00f6tietosi tallennetaan EU:n\/ETA:n alueelle, vaikka joidenkin toimittajiemme tekninen tuki sijaitsee EU:n\/ETA:n ulkopuolella. Kun k\u00e4yt\u00e4mme t\u00e4llaisia tukipalveluja, henkil\u00f6tietojesi k\u00e4sittely\u00e4 s\u00e4\u00e4nnell\u00e4\u00e4n EU:n\/ETA:n vakiosopimuksen mukaisesti, joka koskee siirtoja kolmansiin maihin tai muita hyv\u00e4ksyttyj\u00e4 siirtomekanismeja.<\/p>\n<h4><strong>Miten voin hallita henkil\u00f6tietojani?<\/strong><\/h4>\n<p>Voit milloin tahansa muuttaa henkil\u00f6tietojasi ja peruuttaa suostumuksesi, mik\u00e4 johtaa j\u00e4senyytesi p\u00e4\u00e4ttymiseen. Voit tehd\u00e4 t\u00e4m\u00e4n itse tai ottaa yhteytt\u00e4 meihin saadaksesi apua.<\/p>\n<p>&#8211; Jos haluat tutustua henkil\u00f6tietoihisi, sinulla on oikeus pyyt\u00e4\u00e4 sit\u00e4.<br>&#8211; Jos haluat, ett\u00e4 henkil\u00f6tietosi korjataan, sinulla on oikeus pyyt\u00e4\u00e4 sit\u00e4.<br>&#8211; Jos haluat poistaa henkil\u00f6tietosi, sinulla on siihen oikeus niin kauan kuin laki ei vaadi meit\u00e4 s\u00e4ilytt\u00e4m\u00e4\u00e4n niit\u00e4.<br>&#8211; Jos haluat rajoittaa henkil\u00f6tietojesi k\u00e4sittely\u00e4, sinulla on oikeus pyyt\u00e4\u00e4 sit\u00e4.<br>&#8211; Saat meilt\u00e4 tietoa, jos teemme muutoksia, poistamme henkil\u00f6tietojasi tai rajoitamme niiden k\u00e4sittely\u00e4.<br>&#8211; Sinulla on my\u00f6s oikeus pyyt\u00e4\u00e4, ett\u00e4 henkil\u00f6tietosi siirret\u00e4\u00e4n j\u00e4sennellyss\u00e4, yleisesti k\u00e4ytetyss\u00e4 ja koneellisesti luettavassa muodossa, sek\u00e4 oikeus vied\u00e4 tietosi mukanasi toiseen organisaatioon. T\u00e4m\u00e4 koskee vain tietoja, jotka olet aktiivisesti antanut meille.<br>&#8211; Jos uskot, ett\u00e4 emme k\u00e4sittele henkil\u00f6tietojasi suostumuksesi mukaisesti, sinulla on oikeus tehd\u00e4 valitus.<\/p>\n<h4><strong>Kenell\u00e4 on p\u00e4\u00e4sy henkil\u00f6tietoihini?<\/strong><\/h4>\n<p>Henkil\u00f6tietojasi k\u00e4sittelev\u00e4t ainoastaan valtuutetut henkil\u00f6t, joilla on p\u00e4\u00e4sy tietoihin osana ammatillista teht\u00e4v\u00e4\u00e4ns\u00e4 ja jotka ovat velvollisia k\u00e4ytt\u00e4m\u00e4\u00e4n tietoja ainoastaan niihin erityisiin ja laillisiin tarkoituksiin, joita varten ne on ker\u00e4tty.<\/p>\n<h4><strong>Kuinka kauan tietoja s\u00e4ilytet\u00e4\u00e4n?<\/strong><\/h4>\n<p>Henkil\u00f6tietojasi s\u00e4ilytet\u00e4\u00e4n niin kauan kuin olet aktiivinen j\u00e4senemme etk\u00e4 halua j\u00e4tt\u00e4yty\u00e4 pois etuusohjelmasta. Jos et ole tehnyt ostoksia, sinulla ei ole ollut aktiivista bonussaldoa tai muuta vuorovaikutusta kanssamme 24 kuukauteen, lopetamme j\u00e4senyytesi ja poistamme henkil\u00f6tietosi, ellei meid\u00e4n tarvitse s\u00e4ilytt\u00e4\u00e4 niit\u00e4 GDPR:n 17 artiklan mukaisesti. Ilmoitamme sinulle kolme viikkoa ennen j\u00e4senyytesi p\u00e4\u00e4ttymist\u00e4.<\/p>\n<h4><strong>Miten turvaatte henkil\u00f6tietoni?<\/strong><\/h4>\n<p>S\u00e4ilyt\u00e4mme henkil\u00f6tietojasi toimintaymp\u00e4rist\u00f6iss\u00e4mme. Ymp\u00e4rist\u00f6iss\u00e4 k\u00e4ytet\u00e4\u00e4n tavanomaisia tietoturvamenetelmi\u00e4 luvattoman k\u00e4yt\u00f6n est\u00e4miseksi. Noudatamme yhteisi\u00e4 standardeja henkil\u00f6tietojen ja arkaluonteisten tietojen suojaamiseksi.<\/p>\n<h4><strong>Miten henkil\u00f6tietoja koskevat s\u00e4\u00e4nn\u00f6kset toimivat<\/strong><\/h4>\n<p>Henkil\u00f6tietojen k\u00e4sittelyyn, kuten ker\u00e4\u00e4miseen, rekister\u00f6intiin, tallentamiseen ja luovuttamiseen, sovelletaan erityisi\u00e4 s\u00e4\u00e4nt\u00f6j\u00e4, kuten henkil\u00f6tietolakia. Handelshage AS on vastuussa siit\u00e4, ett\u00e4 k\u00e4sittely tapahtuu lain mukaisesti, toisin sanoen. &#8221;rekisterinpit\u00e4j\u00e4&#8221;. Norjan tietosuojaviranomainen valvoo s\u00e4\u00e4nn\u00f6sten noudattamista Norjassa. Sinulla on oikeus valittaa Norjan tietosuojaviranomaiselle rekisterinpit\u00e4j\u00e4n suorittamasta k\u00e4sittelyst\u00e4 n\u00e4iden j\u00e4senyysehtojen yhteydess\u00e4.<\/p>\n<h4><strong>Ev\u00e4steet sivustolla fluktsekk.no<\/strong><\/h4>\n<p>Kun vierailet verkkosivustollamme, sinne sijoitetaan ev\u00e4ste, jota k\u00e4ytet\u00e4\u00e4n tietokoneesi tai matkapuhelimesi tunnistamiseen. Se antaa tietoa aktiivisuudestasi verkkosivustoillamme. Se helpottaa sinua, sill\u00e4 ev\u00e4steet varmistavat, ett\u00e4 matkapuhelimesi tai tietokoneesi muistaa esimerkiksi kirjautumistietosi seuraavalla vierailullasi. Ev\u00e4steiden avulla saamme my\u00f6s tietoa k\u00e4ytt\u00e4ytymisest\u00e4si verkkosivustoillamme, ja jaamme n\u00e4it\u00e4 tietoja kolmansien osapuolten kanssa mainostarkoituksiin. Voit lukea lis\u00e4\u00e4 ev\u00e4steist\u00e4 verkkosivuiltamme.<\/p>\n<p>&#8211; Hosting &#8211; Verkkokauppa-alustan hosting &#8211; <a href=\"https:\/\/thecamels.org\/en\/terms-and-conditions\/\">Lue tietosuojaselosteet t\u00e4\u00e4lt\u00e4<\/a>.<br>&#8211; Bring (Posten) &#8211; Pakettien ja tavaroiden kuljettaja. <a href=\"https:\/\/www.bring.no\/privacy-policy\">Lue tietosuojaselosteet t\u00e4\u00e4lt\u00e4<\/a>.<br>&#8211; Posten Norge &#8211; Pakettien ja tavaroiden kuljettaja. <a href=\"https:\/\/www.posten.no\/en\/privacy-policy\">Lue tietosuojaselosteet t\u00e4\u00e4lt\u00e4<\/a>.<br>&#8211; Vipps &#8211; Jos maksat verkkokaupassa Vippsill\u00e4, puhelinnumerosi l\u00e4hetet\u00e4\u00e4n Vippsille tunnistamista varten. <a href=\"https:\/\/vipps.no\/personvern-og-vilkar\/vipps-privacy-protection-policy-old\/\">Lue Vippsin tietosuojak\u00e4yt\u00e4nt\u00f6 t\u00e4\u00e4lt\u00e4<\/a>.<br>&#8211; Google &#8211; <a href=\"https:\/\/policies.google.com\/privacy?hl=en-US\">Lue tietosuojaselosteet t\u00e4\u00e4lt\u00e4<\/a>.<br>&#8211; Facebook-pikseli &#8211; <a href=\"https:\/\/www.facebook.com\/privacy\/policies\/cookies\">Lue tietosuojak\u00e4yt\u00e4nt\u00f6 t\u00e4\u00e4lt\u00e4<\/a>.<br>&#8211; Tiktok Pixel &#8211; <a href=\"https:\/\/www.tiktok.com\/legal\/page\/eea\/privacy-policy\/en\">Lue tietosuojak\u00e4yt\u00e4nt\u00f6 t\u00e4\u00e4lt\u00e4<\/a>.<\/p>\n<h4><strong>Markkinointi s\u00e4hk\u00f6postitse<\/strong><\/h4>\n<p>L\u00e4het\u00e4mme uutiskirjeit\u00e4 s\u00e4hk\u00f6postitse, jotta voit saada erilaisia tietoja ja tarjouksia. Uutiskirjeiden tilaaminen on vapaaehtoista, ja saat niit\u00e4 vain, jos olet antanut selke\u00e4n suostumuksesi. Uutiskirje on helppo peruuttaa joko ottamalla meihin yhteytt\u00e4 tai klikkaamalla uutiskirjeiden alareunassa olevaa peruutuslinkki\u00e4.<\/p>\n<p>Haluamme, ett\u00e4 uutiskirjeemme koetaan sinulle merkitykselliseksi ja arvokkaaksi. K\u00e4yt\u00e4mme tietoja, jotka meill\u00e4 on sinusta kulloinkin hallussamme, uutiskirjeiden r\u00e4\u00e4t\u00e4l\u00f6intiin, jotta tarjoukset ja sis\u00e4lt\u00f6 olisivat mahdollisimman kiinnostavia ja merkityksellisi\u00e4. T\u00e4llaisia tietoja voivat olla esimerkiksi nimesi ja kiinnostuksen kohteesi, jos olet ilmoittanut ne, sek\u00e4 tilaushistoriasi.<\/p>\n<h4><strong>Yhteystiedot<\/strong><\/h4>\n<p>Rekisterinpit\u00e4j\u00e4 on Handelshage AS, Ramstadsletta 24, 1363 H\u00f8vik, Norja. Jos sinulla on kysytt\u00e4v\u00e4\u00e4 j\u00e4senyydest\u00e4si tai henkil\u00f6tiedoistasi, ota meihin yhteytt\u00e4 s\u00e4hk\u00f6postitse osoitteeseen post@fluktsekk.no.<\/p>\t\t\t\t\t\t\t\t<\/div>\n\t\t\t\t<\/div>\n\t\t\t\t\t<\/div>\n\t\t\t\t<\/div>\n\t\t\t\t<\/div>\n\t\t","protected":false},"excerpt":{"rendered":"<p>Tietosuojak\u00e4yt\u00e4nt\u00f6 Miten henkil\u00f6tietojani k\u00e4sitell\u00e4\u00e4n? Handelshage AS on vastuussa henkil\u00f6tietojesi k\u00e4sittelyst\u00e4 sovellettavien tietosuojas\u00e4\u00e4nn\u00f6sten mukaisesti. Haluamme varmistaa, ett\u00e4 sinulla on optimaalinen ostokokemus kanssamme. T\u00e4\u00e4lt\u00e4 l\u00f6yd\u00e4t yleiskatsauksen siit\u00e4, miten k\u00e4sittelemme henkil\u00f6tietojasi henkil\u00f6tietolain ja EU:n asetuksen 2016\/679 (yleinen tietosuoja-asetus, j\u00e4ljemp\u00e4n\u00e4 &#8221;GDPR&#8221;) mukaisesti. N\u00e4it\u00e4 henkil\u00f6tietoja k\u00e4sittelemme: &#8211; Henkil\u00f6tietosi, jotka annat, kun liityt j\u00e4seneksi ja p\u00e4ivit\u00e4t profiiliasi, kuten nimi, matkapuhelinnumero, s\u00e4hk\u00f6postiosoite, [&hellip;]<\/p>\n","protected":false},"author":1,"featured_media":0,"parent":0,"menu_order":0,"comment_status":"closed","ping_status":"open","template":"","meta":{"footnotes":""},"class_list":["post-5734","page","type-page","status-publish","hentry"],"yoast_head":"<!-- This site is optimized with the Yoast SEO plugin v27.5 - https:\/\/yoast.com\/product\/yoast-seo-wordpress\/ -->\n<title>Tietosuojak\u00e4yt\u00e4nt\u00f6 - Bug Out Bag - Friluftsliv - Fluktsekk.no<\/title>\n<meta name=\"robots\" content=\"index, follow, max-snippet:-1, max-image-preview:large, max-video-preview:-1\" \/>\n<link rel=\"canonical\" href=\"https:\/\/fluktsekk.no\/fi\/tietosuojakaytanto\/\" \/>\n<meta property=\"og:locale\" content=\"fi_FI\" \/>\n<meta property=\"og:type\" content=\"article\" \/>\n<meta property=\"og:title\" content=\"Tietosuojak\u00e4yt\u00e4nt\u00f6 - Bug Out Bag - Friluftsliv - Fluktsekk.no\" \/>\n<meta property=\"og:description\" content=\"Tietosuojak\u00e4yt\u00e4nt\u00f6 Miten henkil\u00f6tietojani k\u00e4sitell\u00e4\u00e4n? Handelshage AS on vastuussa henkil\u00f6tietojesi k\u00e4sittelyst\u00e4 sovellettavien tietosuojas\u00e4\u00e4nn\u00f6sten mukaisesti. Haluamme varmistaa, ett\u00e4 sinulla on optimaalinen ostokokemus kanssamme. T\u00e4\u00e4lt\u00e4 l\u00f6yd\u00e4t yleiskatsauksen siit\u00e4, miten k\u00e4sittelemme henkil\u00f6tietojasi henkil\u00f6tietolain ja EU:n asetuksen 2016\/679 (yleinen tietosuoja-asetus, j\u00e4ljemp\u00e4n\u00e4 &#8221;GDPR&#8221;) mukaisesti. N\u00e4it\u00e4 henkil\u00f6tietoja k\u00e4sittelemme: &#8211; Henkil\u00f6tietosi, jotka annat, kun liityt j\u00e4seneksi ja p\u00e4ivit\u00e4t profiiliasi, kuten nimi, matkapuhelinnumero, s\u00e4hk\u00f6postiosoite, [&hellip;]\" \/>\n<meta property=\"og:url\" content=\"https:\/\/fluktsekk.no\/fi\/tietosuojakaytanto\/\" \/>\n<meta property=\"og:site_name\" content=\"Bug Out Bag - Friluftsliv - Fluktsekk.no\" \/>\n<meta property=\"article:modified_time\" content=\"2024-06-05T20:54:55+00:00\" \/>\n<meta name=\"twitter:card\" content=\"summary_large_image\" \/>\n<meta name=\"twitter:label1\" content=\"Arvioitu lukuaika\" \/>\n\t<meta name=\"twitter:data1\" content=\"5 minuuttia\" \/>\n<script type=\"application\/ld+json\" class=\"yoast-schema-graph\">{\"@context\":\"https:\\\/\\\/schema.org\",\"@graph\":[{\"@type\":\"WebPage\",\"@id\":\"https:\\\/\\\/fluktsekk.no\\\/fi\\\/tietosuojakaytanto\\\/\",\"url\":\"https:\\\/\\\/fluktsekk.no\\\/fi\\\/tietosuojakaytanto\\\/\",\"name\":\"Tietosuojak\u00e4yt\u00e4nt\u00f6 - Bug Out Bag - Friluftsliv - Fluktsekk.no\",\"isPartOf\":{\"@id\":\"https:\\\/\\\/fluktsekk.no\\\/fi\\\/#website\"},\"datePublished\":\"2024-05-17T13:28:21+00:00\",\"dateModified\":\"2024-06-05T20:54:55+00:00\",\"breadcrumb\":{\"@id\":\"https:\\\/\\\/fluktsekk.no\\\/fi\\\/tietosuojakaytanto\\\/#breadcrumb\"},\"inLanguage\":\"fi\",\"potentialAction\":[{\"@type\":\"ReadAction\",\"target\":[\"https:\\\/\\\/fluktsekk.no\\\/fi\\\/tietosuojakaytanto\\\/\"]}]},{\"@type\":\"BreadcrumbList\",\"@id\":\"https:\\\/\\\/fluktsekk.no\\\/fi\\\/tietosuojakaytanto\\\/#breadcrumb\",\"itemListElement\":[{\"@type\":\"ListItem\",\"position\":1,\"name\":\"Hjem\",\"item\":\"https:\\\/\\\/fluktsekk.no\\\/fi\\\/\"},{\"@type\":\"ListItem\",\"position\":2,\"name\":\"Tietosuojak\u00e4yt\u00e4nt\u00f6\"}]},{\"@type\":\"WebSite\",\"@id\":\"https:\\\/\\\/fluktsekk.no\\\/fi\\\/#website\",\"url\":\"https:\\\/\\\/fluktsekk.no\\\/fi\\\/\",\"name\":\"Bug Out Bag - Friluftsliv - Fluktsekk.no\",\"description\":\"\",\"potentialAction\":[{\"@type\":\"SearchAction\",\"target\":{\"@type\":\"EntryPoint\",\"urlTemplate\":\"https:\\\/\\\/fluktsekk.no\\\/fi\\\/?s={search_term_string}\"},\"query-input\":{\"@type\":\"PropertyValueSpecification\",\"valueRequired\":true,\"valueName\":\"search_term_string\"}}],\"inLanguage\":\"fi\"}]}<\/script>\n<!-- \/ Yoast SEO plugin. -->","yoast_head_json":{"title":"Tietosuojak\u00e4yt\u00e4nt\u00f6 - Bug Out Bag - Friluftsliv - Fluktsekk.no","robots":{"index":"index","follow":"follow","max-snippet":"max-snippet:-1","max-image-preview":"max-image-preview:large","max-video-preview":"max-video-preview:-1"},"canonical":"https:\/\/fluktsekk.no\/fi\/tietosuojakaytanto\/","og_locale":"fi_FI","og_type":"article","og_title":"Tietosuojak\u00e4yt\u00e4nt\u00f6 - Bug Out Bag - Friluftsliv - Fluktsekk.no","og_description":"Tietosuojak\u00e4yt\u00e4nt\u00f6 Miten henkil\u00f6tietojani k\u00e4sitell\u00e4\u00e4n? Handelshage AS on vastuussa henkil\u00f6tietojesi k\u00e4sittelyst\u00e4 sovellettavien tietosuojas\u00e4\u00e4nn\u00f6sten mukaisesti. Haluamme varmistaa, ett\u00e4 sinulla on optimaalinen ostokokemus kanssamme. T\u00e4\u00e4lt\u00e4 l\u00f6yd\u00e4t yleiskatsauksen siit\u00e4, miten k\u00e4sittelemme henkil\u00f6tietojasi henkil\u00f6tietolain ja EU:n asetuksen 2016\/679 (yleinen tietosuoja-asetus, j\u00e4ljemp\u00e4n\u00e4 &#8221;GDPR&#8221;) mukaisesti. N\u00e4it\u00e4 henkil\u00f6tietoja k\u00e4sittelemme: &#8211; Henkil\u00f6tietosi, jotka annat, kun liityt j\u00e4seneksi ja p\u00e4ivit\u00e4t profiiliasi, kuten nimi, matkapuhelinnumero, s\u00e4hk\u00f6postiosoite, [&hellip;]","og_url":"https:\/\/fluktsekk.no\/fi\/tietosuojakaytanto\/","og_site_name":"Bug Out Bag - Friluftsliv - Fluktsekk.no","article_modified_time":"2024-06-05T20:54:55+00:00","twitter_card":"summary_large_image","twitter_misc":{"Arvioitu lukuaika":"5 minuuttia"},"schema":{"@context":"https:\/\/schema.org","@graph":[{"@type":"WebPage","@id":"https:\/\/fluktsekk.no\/fi\/tietosuojakaytanto\/","url":"https:\/\/fluktsekk.no\/fi\/tietosuojakaytanto\/","name":"Tietosuojak\u00e4yt\u00e4nt\u00f6 - Bug Out Bag - Friluftsliv - Fluktsekk.no","isPartOf":{"@id":"https:\/\/fluktsekk.no\/fi\/#website"},"datePublished":"2024-05-17T13:28:21+00:00","dateModified":"2024-06-05T20:54:55+00:00","breadcrumb":{"@id":"https:\/\/fluktsekk.no\/fi\/tietosuojakaytanto\/#breadcrumb"},"inLanguage":"fi","potentialAction":[{"@type":"ReadAction","target":["https:\/\/fluktsekk.no\/fi\/tietosuojakaytanto\/"]}]},{"@type":"BreadcrumbList","@id":"https:\/\/fluktsekk.no\/fi\/tietosuojakaytanto\/#breadcrumb","itemListElement":[{"@type":"ListItem","position":1,"name":"Hjem","item":"https:\/\/fluktsekk.no\/fi\/"},{"@type":"ListItem","position":2,"name":"Tietosuojak\u00e4yt\u00e4nt\u00f6"}]},{"@type":"WebSite","@id":"https:\/\/fluktsekk.no\/fi\/#website","url":"https:\/\/fluktsekk.no\/fi\/","name":"Bug Out Bag - Friluftsliv - Fluktsekk.no","description":"","potentialAction":[{"@type":"SearchAction","target":{"@type":"EntryPoint","urlTemplate":"https:\/\/fluktsekk.no\/fi\/?s={search_term_string}"},"query-input":{"@type":"PropertyValueSpecification","valueRequired":true,"valueName":"search_term_string"}}],"inLanguage":"fi"}]}},"_links":{"self":[{"href":"https:\/\/fluktsekk.no\/fi\/wp-json\/wp\/v2\/pages\/5734","targetHints":{"allow":["GET"]}}],"collection":[{"href":"https:\/\/fluktsekk.no\/fi\/wp-json\/wp\/v2\/pages"}],"about":[{"href":"https:\/\/fluktsekk.no\/fi\/wp-json\/wp\/v2\/types\/page"}],"author":[{"embeddable":true,"href":"https:\/\/fluktsekk.no\/fi\/wp-json\/wp\/v2\/users\/1"}],"replies":[{"embeddable":true,"href":"https:\/\/fluktsekk.no\/fi\/wp-json\/wp\/v2\/comments?post=5734"}],"version-history":[{"count":1,"href":"https:\/\/fluktsekk.no\/fi\/wp-json\/wp\/v2\/pages\/5734\/revisions"}],"predecessor-version":[{"id":5735,"href":"https:\/\/fluktsekk.no\/fi\/wp-json\/wp\/v2\/pages\/5734\/revisions\/5735"}],"wp:attachment":[{"href":"https:\/\/fluktsekk.no\/fi\/wp-json\/wp\/v2\/media?parent=5734"}],"curies":[{"name":"wp","href":"https:\/\/api.w.org\/{rel}","templated":true}]}}