{"id":5722,"date":"2024-06-05T11:10:04","date_gmt":"2024-06-05T09:10:04","guid":{"rendered":"https:\/\/fluktsekk.no\/toimitus-ja-palautukset\/"},"modified":"2024-06-06T13:53:13","modified_gmt":"2024-06-06T11:53:13","slug":"toimitus-ja-palautukset","status":"publish","type":"page","link":"https:\/\/fluktsekk.no\/fi\/toimitus-ja-palautukset\/","title":{"rendered":"Toimitus ja palautukset"},"content":{"rendered":"\t\t<div data-elementor-type=\"wp-page\" data-elementor-id=\"5722\" class=\"elementor elementor-5722 elementor-4958\" data-elementor-post-type=\"page\">\n\t\t\t\t<div class=\"elementor-element elementor-element-4b492b88 e-flex e-con-boxed e-con e-parent\" data-id=\"4b492b88\" data-element_type=\"container\" data-e-type=\"container\">\n\t\t\t\t\t<div class=\"e-con-inner\">\n\t\t\t\t<div class=\"elementor-element elementor-element-effe788 elementor-widget elementor-widget-spacer\" data-id=\"effe788\" data-element_type=\"widget\" data-e-type=\"widget\" data-widget_type=\"spacer.default\">\n\t\t\t\t<div class=\"elementor-widget-container\">\n\t\t\t\t\t\t\t<div class=\"elementor-spacer\">\n\t\t\t<div class=\"elementor-spacer-inner\"><\/div>\n\t\t<\/div>\n\t\t\t\t\t\t<\/div>\n\t\t\t\t<\/div>\n\t\t\t\t<div class=\"elementor-element elementor-element-227ec891 elementor-widget elementor-widget-text-editor\" data-id=\"227ec891\" data-element_type=\"widget\" data-e-type=\"widget\" data-widget_type=\"text-editor.default\">\n\t\t\t\t<div class=\"elementor-widget-container\">\n\t\t\t\t\t\t\t\t\t<p><\/p>\n<div class=\"flex flex-grow flex-col max-w-full\">\n<div class=\"min-h-[20px] text-message flex flex-col items-start whitespace-pre-wrap break-words [.text-message+&amp;]:mt-5 juice:w-full juice:items-end overflow-x-auto gap-3\" dir=\"auto\" data-message-author-role=\"assistant\" data-message-id=\"5a7a5c77-c507-49f9-b9b0-2528cb4a3081\">\n<div class=\"markdown prose w-full break-words dark:prose-invert light\">\n<h3>Tietoa toimituksesta ja palautuksista<\/h3>\n<p>Kiitos, ett\u00e4 olet kiinnostunut tuotteistamme osoitteessa <a href=\"https:\/\/fluktsekk.no\/fi\/\" target=\"_new\" rel=\"noreferrer\">fluktsekk.no<\/a>. Haluamme, ett\u00e4 ostoksesi kanssamme ovat mahdollisimman mukavia ja turvallisia. Alla on yksityiskohtaista tietoa toimituksista, palautuksista ja valituksista.<\/p>\n<h4>Toimitus<\/h4>\n<ul>\n<li><strong>P\u00e4ivitt\u00e4iset l\u00e4hetykset<\/strong>: H\u00f8vikist\u00e4, joka sijaitsee 5 kilometrin p\u00e4\u00e4ss\u00e4 Oslosta. T\u00e4m\u00e4 tarkoittaa, ett\u00e4 maanantaista perjantaihin tehdyt tilaukset l\u00e4hetet\u00e4\u00e4n 24 tunnin kuluessa niiden tekemisest\u00e4.<\/li>\n<li><strong>Toimituskulut Norjassa<\/strong>: Norjan toimituskulut: Yhden reppusarjan toimituskulut ovat 149 Norjan kruunua. Kun tilaat useita tuotteita, toimituskulut voivat muuttua, ja ne n\u00e4kyv\u00e4t kassalla.<\/li>\n<li><strong>Toimituskulut Ruotsiin ja Suomeen<\/strong>: Repun toimituskulut Ruotsiin ja Suomeen ovat 650 kruunua.<\/li>\n<li><strong>Toimitustapa<\/strong>: Kaikki l\u00e4hetyksemme l\u00e4hetet\u00e4\u00e4n postitse. N\u00e4in voimme varmistaa, ett\u00e4 tilauksesi saapuvat turvallisesti ja ajallaan.<\/li>\n<li><strong>Toimitusaika<\/strong>: Toimitusaika: Norjassa tavallinen toimitusaika on 2-5 arkip\u00e4iv\u00e4\u00e4 sijainnista riippuen. Toimitukset Ruotsiin ja Suomeen voivat kest\u00e4\u00e4 5-10 ty\u00f6p\u00e4iv\u00e4\u00e4.<\/li>\n<li><strong>Hinta ja alv:<\/strong> Reppujen hinta Norjaan sis\u00e4lt\u00e4\u00e4 25 % arvonlis\u00e4veron. Ruotsiin ja Suomeen toimitettaessa hinta on ilmoitettu ilman arvonlis\u00e4veroa.<\/li>\n<\/ul>\n<h4>Palautukset ja valitukset<\/h4>\n<ul>\n<li><strong>Palautusoikeus<\/strong>: Norjan kuluttajalains\u00e4\u00e4d\u00e4nn\u00f6n mukaan sinulla on oikeus palauttaa ostamasi tuotteet 14 p\u00e4iv\u00e4n kuluessa niiden vastaanottamisesta. Tuotteiden on oltava k\u00e4ytt\u00e4m\u00e4tt\u00f6mi\u00e4 ja alkuper\u00e4ispakkauksissaan.<\/li>\n<li><strong>Palautusmenettely<\/strong>: Ota yhteytt\u00e4 asiakaspalveluumme, joka antaa sinulle yksityiskohtaiset ohjeet palautusprosessista. Kun olemme vastaanottaneet palautetun tuotteen, hyvit\u00e4mme ostohinnan kokonaisuudessaan.<\/li>\n<li><strong>Valitukset<\/strong>: Jos olet saanut viallisen tai vahingoittuneen tuotteen, ota v\u00e4litt\u00f6m\u00e4sti yhteytt\u00e4 asiakaspalveluumme. Jos valitus hyv\u00e4ksyt\u00e4\u00e4n, vaihdamme tuotteen tai palautamme rahasi.<\/li>\n<li><strong>Norjan kuluttajalains\u00e4\u00e4d\u00e4nt\u00f6<\/strong>: Kaikki palautus- ja valitusmenettelymme ovat voimassa olevan Norjan kuluttajalains\u00e4\u00e4d\u00e4nn\u00f6n mukaisia. Lis\u00e4tietoa kuluttajien oikeuksista Norjassa l\u00f6ytyy osoitteesta <a href=\"https:\/\/www.forbrukerradet.no\/\" target=\"_new\" rel=\"noreferrer\">Forbrukerr\u00e5det<\/a>.<\/li>\n<\/ul>\n<p>Toivotamme sinut tervetulleeksi tekem\u00e4\u00e4n ostoksia kanssamme ja kiit\u00e4mme sinua luottamuksesta! Jos sinulla on kysytt\u00e4v\u00e4\u00e4 tai tarvitset lis\u00e4tietoja, asiakaspalvelumme on k\u00e4ytett\u00e4viss\u00e4si.<\/p>\n<\/div>\n<\/div>\n<\/div>\t\t\t\t\t\t\t\t<\/div>\n\t\t\t\t<\/div>\n\t\t\t\t\t<\/div>\n\t\t\t\t<\/div>\n\t\t\t\t<\/div>\n\t\t","protected":false},"excerpt":{"rendered":"<p>Tietoa toimituksesta ja palautuksista Kiitos, ett\u00e4 olet kiinnostunut tuotteistamme osoitteessa fluktsekk.no. Haluamme, ett\u00e4 ostoksesi kanssamme ovat mahdollisimman mukavia ja turvallisia. Alla on yksityiskohtaista tietoa toimituksista, palautuksista ja valituksista. Toimitus P\u00e4ivitt\u00e4iset l\u00e4hetykset: H\u00f8vikist\u00e4, joka sijaitsee 5 kilometrin p\u00e4\u00e4ss\u00e4 Oslosta. T\u00e4m\u00e4 tarkoittaa, ett\u00e4 maanantaista perjantaihin tehdyt tilaukset l\u00e4hetet\u00e4\u00e4n 24 tunnin kuluessa niiden tekemisest\u00e4. Toimituskulut Norjassa: Norjan toimituskulut: [&hellip;]<\/p>\n","protected":false},"author":1,"featured_media":0,"parent":0,"menu_order":0,"comment_status":"closed","ping_status":"closed","template":"","meta":{"footnotes":""},"class_list":["post-5722","page","type-page","status-publish","hentry"],"yoast_head":"<!-- This site is optimized with the Yoast SEO plugin v27.5 - https:\/\/yoast.com\/product\/yoast-seo-wordpress\/ -->\n<title>Toimitus ja palautukset - Bug Out Bag - Friluftsliv - Fluktsekk.no<\/title>\n<meta name=\"robots\" content=\"index, follow, max-snippet:-1, max-image-preview:large, max-video-preview:-1\" \/>\n<link rel=\"canonical\" href=\"https:\/\/fluktsekk.no\/fi\/toimitus-ja-palautukset\/\" \/>\n<meta property=\"og:locale\" content=\"fi_FI\" \/>\n<meta property=\"og:type\" content=\"article\" \/>\n<meta property=\"og:title\" content=\"Toimitus ja palautukset - Bug Out Bag - Friluftsliv - Fluktsekk.no\" \/>\n<meta property=\"og:description\" content=\"Tietoa toimituksesta ja palautuksista Kiitos, ett\u00e4 olet kiinnostunut tuotteistamme osoitteessa fluktsekk.no. Haluamme, ett\u00e4 ostoksesi kanssamme ovat mahdollisimman mukavia ja turvallisia. Alla on yksityiskohtaista tietoa toimituksista, palautuksista ja valituksista. Toimitus P\u00e4ivitt\u00e4iset l\u00e4hetykset: H\u00f8vikist\u00e4, joka sijaitsee 5 kilometrin p\u00e4\u00e4ss\u00e4 Oslosta. T\u00e4m\u00e4 tarkoittaa, ett\u00e4 maanantaista perjantaihin tehdyt tilaukset l\u00e4hetet\u00e4\u00e4n 24 tunnin kuluessa niiden tekemisest\u00e4. Toimituskulut Norjassa: Norjan toimituskulut: [&hellip;]\" \/>\n<meta property=\"og:url\" content=\"https:\/\/fluktsekk.no\/fi\/toimitus-ja-palautukset\/\" \/>\n<meta property=\"og:site_name\" content=\"Bug Out Bag - Friluftsliv - Fluktsekk.no\" \/>\n<meta property=\"article:modified_time\" content=\"2024-06-06T11:53:13+00:00\" \/>\n<meta name=\"twitter:card\" content=\"summary_large_image\" \/>\n<meta name=\"twitter:label1\" content=\"Arvioitu lukuaika\" \/>\n\t<meta name=\"twitter:data1\" content=\"2 minuuttia\" \/>\n<script type=\"application\/ld+json\" class=\"yoast-schema-graph\">{\"@context\":\"https:\\\/\\\/schema.org\",\"@graph\":[{\"@type\":\"WebPage\",\"@id\":\"https:\\\/\\\/fluktsekk.no\\\/fi\\\/toimitus-ja-palautukset\\\/\",\"url\":\"https:\\\/\\\/fluktsekk.no\\\/fi\\\/toimitus-ja-palautukset\\\/\",\"name\":\"Toimitus ja palautukset - Bug Out Bag - Friluftsliv - Fluktsekk.no\",\"isPartOf\":{\"@id\":\"https:\\\/\\\/fluktsekk.no\\\/fi\\\/#website\"},\"datePublished\":\"2024-06-05T09:10:04+00:00\",\"dateModified\":\"2024-06-06T11:53:13+00:00\",\"breadcrumb\":{\"@id\":\"https:\\\/\\\/fluktsekk.no\\\/fi\\\/toimitus-ja-palautukset\\\/#breadcrumb\"},\"inLanguage\":\"fi\",\"potentialAction\":[{\"@type\":\"ReadAction\",\"target\":[\"https:\\\/\\\/fluktsekk.no\\\/fi\\\/toimitus-ja-palautukset\\\/\"]}]},{\"@type\":\"BreadcrumbList\",\"@id\":\"https:\\\/\\\/fluktsekk.no\\\/fi\\\/toimitus-ja-palautukset\\\/#breadcrumb\",\"itemListElement\":[{\"@type\":\"ListItem\",\"position\":1,\"name\":\"Hjem\",\"item\":\"https:\\\/\\\/fluktsekk.no\\\/fi\\\/\"},{\"@type\":\"ListItem\",\"position\":2,\"name\":\"Toimitus ja palautukset\"}]},{\"@type\":\"WebSite\",\"@id\":\"https:\\\/\\\/fluktsekk.no\\\/fi\\\/#website\",\"url\":\"https:\\\/\\\/fluktsekk.no\\\/fi\\\/\",\"name\":\"Bug Out Bag - Friluftsliv - Fluktsekk.no\",\"description\":\"\",\"potentialAction\":[{\"@type\":\"SearchAction\",\"target\":{\"@type\":\"EntryPoint\",\"urlTemplate\":\"https:\\\/\\\/fluktsekk.no\\\/fi\\\/?s={search_term_string}\"},\"query-input\":{\"@type\":\"PropertyValueSpecification\",\"valueRequired\":true,\"valueName\":\"search_term_string\"}}],\"inLanguage\":\"fi\"}]}<\/script>\n<!-- \/ Yoast SEO plugin. -->","yoast_head_json":{"title":"Toimitus ja palautukset - Bug Out Bag - Friluftsliv - Fluktsekk.no","robots":{"index":"index","follow":"follow","max-snippet":"max-snippet:-1","max-image-preview":"max-image-preview:large","max-video-preview":"max-video-preview:-1"},"canonical":"https:\/\/fluktsekk.no\/fi\/toimitus-ja-palautukset\/","og_locale":"fi_FI","og_type":"article","og_title":"Toimitus ja palautukset - Bug Out Bag - Friluftsliv - Fluktsekk.no","og_description":"Tietoa toimituksesta ja palautuksista Kiitos, ett\u00e4 olet kiinnostunut tuotteistamme osoitteessa fluktsekk.no. Haluamme, ett\u00e4 ostoksesi kanssamme ovat mahdollisimman mukavia ja turvallisia. Alla on yksityiskohtaista tietoa toimituksista, palautuksista ja valituksista. Toimitus P\u00e4ivitt\u00e4iset l\u00e4hetykset: H\u00f8vikist\u00e4, joka sijaitsee 5 kilometrin p\u00e4\u00e4ss\u00e4 Oslosta. T\u00e4m\u00e4 tarkoittaa, ett\u00e4 maanantaista perjantaihin tehdyt tilaukset l\u00e4hetet\u00e4\u00e4n 24 tunnin kuluessa niiden tekemisest\u00e4. Toimituskulut Norjassa: Norjan toimituskulut: [&hellip;]","og_url":"https:\/\/fluktsekk.no\/fi\/toimitus-ja-palautukset\/","og_site_name":"Bug Out Bag - Friluftsliv - Fluktsekk.no","article_modified_time":"2024-06-06T11:53:13+00:00","twitter_card":"summary_large_image","twitter_misc":{"Arvioitu lukuaika":"2 minuuttia"},"schema":{"@context":"https:\/\/schema.org","@graph":[{"@type":"WebPage","@id":"https:\/\/fluktsekk.no\/fi\/toimitus-ja-palautukset\/","url":"https:\/\/fluktsekk.no\/fi\/toimitus-ja-palautukset\/","name":"Toimitus ja palautukset - Bug Out Bag - Friluftsliv - Fluktsekk.no","isPartOf":{"@id":"https:\/\/fluktsekk.no\/fi\/#website"},"datePublished":"2024-06-05T09:10:04+00:00","dateModified":"2024-06-06T11:53:13+00:00","breadcrumb":{"@id":"https:\/\/fluktsekk.no\/fi\/toimitus-ja-palautukset\/#breadcrumb"},"inLanguage":"fi","potentialAction":[{"@type":"ReadAction","target":["https:\/\/fluktsekk.no\/fi\/toimitus-ja-palautukset\/"]}]},{"@type":"BreadcrumbList","@id":"https:\/\/fluktsekk.no\/fi\/toimitus-ja-palautukset\/#breadcrumb","itemListElement":[{"@type":"ListItem","position":1,"name":"Hjem","item":"https:\/\/fluktsekk.no\/fi\/"},{"@type":"ListItem","position":2,"name":"Toimitus ja palautukset"}]},{"@type":"WebSite","@id":"https:\/\/fluktsekk.no\/fi\/#website","url":"https:\/\/fluktsekk.no\/fi\/","name":"Bug Out Bag - Friluftsliv - Fluktsekk.no","description":"","potentialAction":[{"@type":"SearchAction","target":{"@type":"EntryPoint","urlTemplate":"https:\/\/fluktsekk.no\/fi\/?s={search_term_string}"},"query-input":{"@type":"PropertyValueSpecification","valueRequired":true,"valueName":"search_term_string"}}],"inLanguage":"fi"}]}},"_links":{"self":[{"href":"https:\/\/fluktsekk.no\/fi\/wp-json\/wp\/v2\/pages\/5722","targetHints":{"allow":["GET"]}}],"collection":[{"href":"https:\/\/fluktsekk.no\/fi\/wp-json\/wp\/v2\/pages"}],"about":[{"href":"https:\/\/fluktsekk.no\/fi\/wp-json\/wp\/v2\/types\/page"}],"author":[{"embeddable":true,"href":"https:\/\/fluktsekk.no\/fi\/wp-json\/wp\/v2\/users\/1"}],"replies":[{"embeddable":true,"href":"https:\/\/fluktsekk.no\/fi\/wp-json\/wp\/v2\/comments?post=5722"}],"version-history":[{"count":3,"href":"https:\/\/fluktsekk.no\/fi\/wp-json\/wp\/v2\/pages\/5722\/revisions"}],"predecessor-version":[{"id":5725,"href":"https:\/\/fluktsekk.no\/fi\/wp-json\/wp\/v2\/pages\/5722\/revisions\/5725"}],"wp:attachment":[{"href":"https:\/\/fluktsekk.no\/fi\/wp-json\/wp\/v2\/media?parent=5722"}],"curies":[{"name":"wp","href":"https:\/\/api.w.org\/{rel}","templated":true}]}}